{"id":6236,"date":"2026-02-02T11:30:25","date_gmt":"2026-02-02T08:30:25","guid":{"rendered":"https:\/\/shop.e-locks.eu\/lt\/product\/\/"},"modified":"2026-02-15T21:11:19","modified_gmt":"2026-02-15T18:11:19","slug":"cilindras-mc-move","status":"publish","type":"product","link":"https:\/\/shop.e-locks.eu\/ru\/product\/cilindras-mc-move\/","title":{"rendered":"\u0426\u0438\u043b\u0438\u043d\u0434\u0440\u044b M&C MOVE - \u043c\u0430\u043a\u0441\u0438\u043c\u0430\u043b\u044c\u043d\u0430\u044f \u0437\u0430\u0449\u0438\u0442\u0430 \u043a\u043b\u044e\u0447\u0430"},"content":{"rendered":"<h2>\u0426\u0438\u043b\u0438\u043d\u0434\u0440\u044b M&amp;C MOVE \u2014 \u0440\u0435\u0432\u0435\u0440\u0441\u0438\u0432\u043d\u044b\u0439 \u043a\u043b\u044e\u0447 \u0441 \u043f\u043e\u0434\u0432\u0438\u0436\u043d\u044b\u043c \u044d\u043b\u0435\u043c\u0435\u043d\u0442\u043e\u043c<\/h2>\n<p>M&amp;C MOVE \u2013 \u0441\u0430\u043c\u0430\u044f \u0437\u0430\u0449\u0438\u0449\u0435\u043d\u043d\u0430\u044f \u043c\u043e\u0434\u0435\u043b\u044c \u0446\u0438\u043b\u0438\u043d\u0434\u0440\u043e\u0432 M&amp;C \u0441 \u0441\u0435\u0440\u0442\u0438\u0444\u0438\u043a\u0430\u0442\u043e\u043c SKG***. \u041e\u043d\u0430 \u043f\u0440\u0435\u0434\u043d\u0430\u0437\u043d\u0430\u0447\u0435\u043d\u0430 \u0434\u043b\u044f \u0432\u0445\u043e\u0434\u043d\u044b\u0445 \u0434\u0432\u0435\u0440\u0435\u0439, \u0442\u0440\u0435\u0431\u0443\u044e\u0449\u0438\u0445 \u0432\u044b\u0441\u043e\u043a\u043e\u0433\u043e \u0443\u0440\u043e\u0432\u043d\u044f \u0437\u0430\u0449\u0438\u0442\u044b \u043a\u0430\u043a \u043e\u0442 \u043f\u0440\u043e\u043d\u0438\u043a\u043d\u043e\u0432\u0435\u043d\u0438\u044f, \u0442\u0430\u043a \u0438 \u043e\u0442 \u043d\u0435\u043b\u0435\u0433\u0430\u043b\u044c\u043d\u043e\u0433\u043e \u043a\u043e\u043f\u0438\u0440\u043e\u0432\u0430\u043d\u0438\u044f \u043a\u043b\u044e\u0447\u0435\u0439. \u0414\u0430\u043d\u043d\u0430\u044f \u043c\u043e\u0434\u0435\u043b\u044c \u043d\u0435 \u0438\u0437\u0433\u043e\u0442\u0430\u0432\u043b\u0438\u0432\u0430\u0435\u0442\u0441\u044f \u0432 \u043c\u0430\u0441\u0442\u0435\u0440-\u0441\u0438\u0441\u0442\u0435\u043c\u0430\u0445. \u0426\u0438\u043b\u0438\u043d\u0434\u0440\u044b \u043f\u0440\u0435\u0434\u043b\u0430\u0433\u0430\u044e\u0442 \u043f\u043e\u0432\u044b\u0448\u0435\u043d\u043d\u044b\u0439 \u0443\u0440\u043e\u0432\u0435\u043d\u044c \u0432\u0437\u043b\u043e\u043c\u043e\u0441\u0442\u043e\u0439\u043a\u043e\u0441\u0442\u0438, \u0434\u043e\u043b\u0433\u043e\u0432\u0435\u0447\u043d\u043e\u0441\u0442\u044c \u0438 \u0441\u0442\u0430\u0431\u0438\u043b\u044c\u043d\u0443\u044e \u0440\u0430\u0431\u043e\u0442\u0443 \u0434\u0430\u0436\u0435 \u0432 \u0441\u043b\u043e\u0436\u043d\u044b\u0445 \u0443\u0441\u043b\u043e\u0432\u0438\u044f\u0445.<br \/>\n\u0412\u044b \u043c\u043e\u0436\u0435\u0442\u0435 \u0432\u044b\u0431\u0440\u0430\u0442\u044c \u0431\u043e\u043b\u0435\u0435 \u043f\u043e\u0434\u0445\u043e\u0434\u044f\u0449\u0438\u0439 \u0432\u0430\u043c \u0446\u0438\u043b\u0438\u043d\u0434\u0440, \u043e\u0441\u043d\u043e\u0432\u044b\u0432\u0430\u044f\u0441\u044c \u043d\u0430 \u0434\u0430\u043d\u043d\u044b\u0445, \u043f\u043e\u0434\u0433\u043e\u0442\u043e\u0432\u043b\u0435\u043d\u043d\u044b\u0445 \u043f\u0440\u043e\u0438\u0437\u0432\u043e\u0434\u0438\u0442\u0435\u043b\u0435\u043c. \n<table border=\"1\" cellspacing=\"0\" cellpadding=\"5\" class=\"product-specs-table\">\n<tr>\n<th><\/th>\n<th><a href=\"https:\/\/e-locks.eu\/ru\/mc-matrix-skg2\/\">MATRIX**<\/a><\/th>\n<th><a href=\"https:\/\/e-locks.eu\/ru\/cylinders-mc-matrix\/\">MATRIX***<\/a><\/th>\n<th><a href=\"https:\/\/e-locks.eu\/ru\/minos-skg3-cylinders\/\">MINOS<\/a><\/th>\n<th><a href=\"https:\/\/e-locks.eu\/ru\/condor-skg3-cylinders\/\">CONDOR<\/a><\/th>\n<th><a href=\"https:\/\/e-locks.eu\/ru\/move-cylinders\/\">MOVE<\/a><\/th>\n<\/tr>\n<tr>\n<td><strong>SKG klas\u0117<\/strong><\/td>\n<td><img decoding=\"async\" src=\"https:\/\/e-locks.eu\/wp-content\/uploads\/2026\/01\/SGG2.png\" alt=\"\"><\/td>\n<td><img decoding=\"async\" src=\"https:\/\/e-locks.eu\/wp-content\/uploads\/2026\/01\/SGG3.png\" alt=\"\"><\/td>\n<td><img decoding=\"async\" src=\"https:\/\/e-locks.eu\/wp-content\/uploads\/2026\/01\/SGG3.png\" alt=\"\"><\/td>\n<td><img decoding=\"async\" src=\"https:\/\/e-locks.eu\/wp-content\/uploads\/2026\/01\/SGG3.png\" alt=\"\"><\/td>\n<td><img decoding=\"async\" src=\"https:\/\/e-locks.eu\/wp-content\/uploads\/2026\/01\/SGG3.png\" alt=\"\"><\/td>\n<\/tr>\n<tr>\n<td><strong>EN-1303 klas\u0117<\/strong><\/td>\n<td>160B0A<sup>1)<\/sup><strong>4A<\/strong><sup>1)<\/sup><\/td>\n<td>160B0A1<sup>2)<\/sup><strong>6D<\/strong><sup>2)<\/sup><\/td>\n<td>160B0A1<sup>2)<\/sup><strong>6D<\/strong><sup>2)<\/sup><\/td>\n<td>160B0A1<sup>2)<\/sup><strong>6D<\/strong><sup>2)<\/sup><\/td>\n<td>160B0A1<sup>2)<\/sup><strong>6D<\/strong><sup>2)<\/sup><\/td>\n<\/tr>\n<tr>\n<td><strong>Rakto tipas (vis\u0173 modeli\u0173 raktai \u2013 i\u0161 melchioro)<\/strong><\/td>\n<td>\nTradicinis raktas \n<a href=\"https:\/\/e-locks.eu\/wp-content\/uploads\/2026\/01\/matrix-skg2_key2.png\" class=\"lightbox\">\n<img loading=\"lazy\" decoding=\"async\" src=\"https:\/\/e-locks.eu\/wp-content\/uploads\/2026\/01\/matrix-skg2_key2.png\" width=\"30\" height=\"30\">\n<\/a>\n<\/td>\n<td>\nTradicinis raktas \n<a href=\"https:\/\/e-locks.eu\/wp-content\/uploads\/2026\/01\/matrix-skg3-key.png\" class=\"lightbox\">\n<img loading=\"lazy\" decoding=\"async\" src=\"https:\/\/e-locks.eu\/wp-content\/uploads\/2026\/01\/matrix-skg3-key.png\" width=\"30\" height=\"30\">\n<\/a>\n<\/td>\n<td>\nApver\u010diamas raktas \n<a href=\"https:\/\/e-locks.eu\/wp-content\/uploads\/2026\/01\/minos-key.png\" class=\"lightbox\">\n<img loading=\"lazy\" decoding=\"async\" src=\"https:\/\/e-locks.eu\/wp-content\/uploads\/2026\/01\/minos-key.png\" width=\"30\" height=\"30\">\n<\/a>\n<\/td>\n<td>\nApver\u010diamas raktas\n<a href=\"https:\/\/e-locks.eu\/wp-content\/uploads\/2026\/01\/condor-key.png\" class=\"lightbox\">\n<img loading=\"lazy\" decoding=\"async\" src=\"https:\/\/e-locks.eu\/wp-content\/uploads\/2026\/01\/condor-key.png\" width=\"30\" height=\"30\">\n<\/a>\n<\/td>\n<td>\nApver\u010diamas raktas su judam\u0105ja dalimi\n<a href=\"https:\/\/e-locks.eu\/wp-content\/uploads\/2026\/01\/move_key.jpg\" class=\"lightbox\">\n<img loading=\"lazy\" decoding=\"async\" src=\"https:\/\/e-locks.eu\/wp-content\/uploads\/2026\/01\/move_key.jpg\" width=\"30\" height=\"30\">\n<\/a>\n<\/td>\n<\/tr>\n<tr>\n<td><strong>Apsauga nuo i\u0161traukimo<\/strong><\/td>\n<td><img decoding=\"async\" src=\"https:\/\/e-locks.eu\/wp-content\/uploads\/2026\/01\/green-sign.png\"><\/td>\n<td><img decoding=\"async\" src=\"https:\/\/e-locks.eu\/wp-content\/uploads\/2026\/01\/green-sign.png\"><\/td>\n<td><img decoding=\"async\" src=\"https:\/\/e-locks.eu\/wp-content\/uploads\/2026\/01\/2green-sign.png\"><\/td>\n<td><img decoding=\"async\" src=\"https:\/\/e-locks.eu\/wp-content\/uploads\/2026\/01\/3green-sign.png\"><\/td>\n<td><img decoding=\"async\" src=\"https:\/\/e-locks.eu\/wp-content\/uploads\/2026\/01\/3green-sign.png\"><\/td>\n<\/tr>\n<tr>\n<td><strong>Apsauga nuo perlau\u017eimo<\/strong><\/td>\n<td><img decoding=\"async\" src=\"https:\/\/e-locks.eu\/wp-content\/uploads\/2026\/01\/green-sign.png\"><\/td>\n<td><img decoding=\"async\" src=\"https:\/\/e-locks.eu\/wp-content\/uploads\/2026\/01\/green-sign.png\"><\/td>\n<td><img decoding=\"async\" src=\"https:\/\/e-locks.eu\/wp-content\/uploads\/2026\/01\/green-sign.png\"><\/td>\n<td><img decoding=\"async\" src=\"https:\/\/e-locks.eu\/wp-content\/uploads\/2026\/01\/green-sign.png\"><\/td>\n<td><img decoding=\"async\" src=\"https:\/\/e-locks.eu\/wp-content\/uploads\/2026\/01\/green-sign.png\"><\/td>\n<\/tr>\n<tr>\n<td><strong>Apsauga nuo gr\u0119\u017eimo<\/strong><\/td>\n<td><img decoding=\"async\" src=\"https:\/\/e-locks.eu\/wp-content\/uploads\/2026\/01\/green-sign.png\"><\/td>\n<td><img decoding=\"async\" src=\"https:\/\/e-locks.eu\/wp-content\/uploads\/2026\/01\/2green-sign.png\"><\/td>\n<td><img decoding=\"async\" src=\"https:\/\/e-locks.eu\/wp-content\/uploads\/2026\/01\/3green-sign.png\"><\/td>\n<td><img decoding=\"async\" src=\"https:\/\/e-locks.eu\/wp-content\/uploads\/2026\/01\/3green-sign.png\"><\/td>\n<td><img decoding=\"async\" src=\"https:\/\/e-locks.eu\/wp-content\/uploads\/2026\/01\/4green-sign.png\"><\/td>\n<\/tr>\n<tr>\n<td><strong>Apsauga nuo \u201ebumping\u2019o\u201c<\/strong><\/td>\n<td><img decoding=\"async\" src=\"https:\/\/e-locks.eu\/wp-content\/uploads\/2026\/01\/green-sign.png\"><\/td>\n<td><img decoding=\"async\" src=\"https:\/\/e-locks.eu\/wp-content\/uploads\/2026\/01\/green-sign.png\"><\/td>\n<td><img decoding=\"async\" src=\"https:\/\/e-locks.eu\/wp-content\/uploads\/2026\/01\/green-sign.png\"><\/td>\n<td><img decoding=\"async\" src=\"https:\/\/e-locks.eu\/wp-content\/uploads\/2026\/01\/green-sign.png\"><\/td>\n<td><img decoding=\"async\" src=\"https:\/\/e-locks.eu\/wp-content\/uploads\/2026\/01\/green-sign.png\"><\/td>\n<\/tr>\n<tr>\n<td><strong>Apsauga nuo visrak\u010di\u0173<\/strong><\/td>\n<td><img decoding=\"async\" src=\"https:\/\/e-locks.eu\/wp-content\/uploads\/2026\/01\/green-sign.png\"><\/td>\n<td><img decoding=\"async\" src=\"https:\/\/e-locks.eu\/wp-content\/uploads\/2026\/01\/2green-sign.png\"><\/td>\n<td><img decoding=\"async\" src=\"https:\/\/e-locks.eu\/wp-content\/uploads\/2026\/01\/2green-sign.png\"><\/td>\n<td><img decoding=\"async\" src=\"https:\/\/e-locks.eu\/wp-content\/uploads\/2026\/01\/3green-sign.png\"><\/td>\n<td><img decoding=\"async\" src=\"https:\/\/e-locks.eu\/wp-content\/uploads\/2026\/01\/4green-sign.png\"><\/td>\n<\/tr>\n<tr>\n<td><strong>Saugumo lygis<\/strong><\/td>\n<td><img decoding=\"async\" src=\"https:\/\/e-locks.eu\/wp-content\/uploads\/2026\/01\/red-dot.png\"><\/td>\n<td><img decoding=\"async\" src=\"https:\/\/e-locks.eu\/wp-content\/uploads\/2026\/01\/2red-dot.png\"><\/td>\n<td><img decoding=\"async\" src=\"https:\/\/e-locks.eu\/wp-content\/uploads\/2026\/01\/3red-dot.png\"><\/td>\n<td><img decoding=\"async\" src=\"https:\/\/e-locks.eu\/wp-content\/uploads\/2026\/01\/4red-dot.png\"><\/td>\n<td><img decoding=\"async\" src=\"https:\/\/e-locks.eu\/wp-content\/uploads\/2026\/01\/5red-dot.png\"><\/td>\n<\/tr>\n<tr>\n<td><strong>Apytiksl\u0117 ma\u017emenin\u0117 kaina (32+32 mm, cilindras raktas\/raktas, 3 raktai)<\/strong><\/td>\n        \n<td><strong><span class=\"woocommerce-Price-amount amount\"><bdi>56,87&nbsp;<span class=\"woocommerce-Price-currencySymbol\">&euro;<\/span><\/bdi><\/span><\/strong><\/td>\n<td><strong><span class=\"woocommerce-Price-amount amount\"><bdi>73,81&nbsp;<span class=\"woocommerce-Price-currencySymbol\">&euro;<\/span><\/bdi><\/span><\/strong><\/td>\n<td><strong><span class=\"woocommerce-Price-amount amount\"><bdi>87,12&nbsp;<span class=\"woocommerce-Price-currencySymbol\">&euro;<\/span><\/bdi><\/span><\/strong><\/td>\n<td><strong><span class=\"woocommerce-Price-amount amount\"><bdi>98,01&nbsp;<span class=\"woocommerce-Price-currencySymbol\">&euro;<\/span><\/bdi><\/span><\/strong><\/td>\n<td><strong><span class=\"woocommerce-Price-amount amount\"><bdi>156,09&nbsp;<span class=\"woocommerce-Price-currencySymbol\">&euro;<\/span><\/bdi><\/span><\/strong><\/td>\n<\/tr>\n<\/table>\n<\/p>\n","protected":false},"excerpt":{"rendered":"<p><strong>M&amp;C MOVE<\/strong> \u2014 \u0435\u0432\u0440\u043e\u043f\u0440\u043e\u0444\u0438\u043b\u044c\u043d\u044b\u0439 (DIN) \u0446\u0438\u043b\u0438\u043d\u0434\u0440 \u0434\u043b\u044f \u0434\u0432\u0435\u0440\u0435\u0439 \u0441 \u0432\u044b\u0441\u043e\u043a\u043e\u0439 \u0441\u0442\u0435\u043f\u0435\u043d\u044c\u044e \u0437\u0430\u0449\u0438\u0442\u044b. \u0415\u0433\u043e \u0440\u0435\u0432\u0435\u0440\u0441\u0438\u0432\u043d\u044b\u0439 \u043a\u043b\u044e\u0447 \u0441 \u043f\u043e\u0434\u0432\u0438\u0436\u043d\u044b\u043c \u044d\u043b\u0435\u043c\u0435\u043d\u0442\u043e\u043c \u0433\u0430\u0440\u0430\u043d\u0442\u0438\u0440\u0443\u0435\u0442 \u0432\u044b\u0441\u043e\u043a\u0443\u044e \u0437\u0430\u0449\u0438\u0442\u0443 \u043e\u0442 \u043d\u0435\u043b\u0435\u0433\u0430\u043b\u044c\u043d\u043e\u0433\u043e \u0434\u0443\u0431\u043b\u0438\u0440\u043e\u0432\u0430\u043d\u0438\u044f. \u042d\u0442\u0430 \u043c\u043e\u0434\u0435\u043b\u044c \u043d\u0435 \u043f\u0440\u0435\u0434\u043d\u0430\u0437\u043d\u0430\u0447\u0435\u043d\u0430 \u0434\u043b\u044f \u043c\u0430\u0441\u0442\u0435\u0440-\u0441\u0438\u0441\u0442\u0435\u043c.<\/p>\n<ul>\n<li><strong>\u041c\u0430\u043a\u0441\u0438\u043c\u0430\u043b\u044c\u043d\u0430\u044f \u0432\u0437\u043b\u043e\u043c\u043e\u0441\u0442\u043e\u0439\u043a\u043e\u0441\u0442\u044c:<\/strong> \u0441\u0430\u043c\u044b\u0439 \u0432\u044b\u0441\u043e\u043a\u0438\u0439 \u043a\u043b\u0430\u0441\u0441 \u0437\u0430\u0449\u0438\u0442\u044b \u043f\u043e \u0441\u0442\u0430\u043d\u0434\u0430\u0440\u0442\u0430\u043c SKG \u0438 EN-1303, \u0437\u0430\u0449\u0438\u0442\u0430 \u043e\u0442 \u0431\u0430\u043c\u043f\u0438\u043d\u0433\u0430, \u0441\u0432\u0435\u0440\u043b\u0435\u043d\u0438\u044f, \u043f\u0435\u0440\u0435\u043b\u043e\u043c\u0430, \u043e\u0442\u043c\u044b\u0447\u0435\u043a.<\/li>\n<li><strong>\u0421\u0435\u0440\u0442\u0438\u0444\u0438\u043a\u0430\u0442\u044b:<\/strong> EN-1303, DIN-18252, SKG***.<\/li>\n<li><strong>\u0423\u0441\u0442\u0440\u043e\u0439\u0441\u0442\u0432\u043e:<\/strong> 6 \u043f\u043e\u0434\u043f\u0440\u0443\u0436\u0438\u043d\u0435\u043d\u043d\u044b\u0445 \u043f\u0438\u043d\u043e\u0432 + 5 \u0441\u043b\u0430\u0439\u0434\u0435\u0440\u043e\u0432 <span class=\"sd-tooltip\">(3)<span class=\"sd-tooltip-image\"><img decoding=\"async\" src=\"https:\/\/e-locks.eu\/wp-content\/uploads\/2026\/01\/move-scheme.png\" alt=\"MOVE schema\"><\/span><\/span> (\u0441\u043b\u043e\u0436\u043d\u0430\u044f \u043c\u0435\u0445\u0430\u043d\u0438\u0447\u0435\u0441\u043a\u0430\u044f \u0441\u0435\u043a\u0440\u0435\u0442\u043d\u043e\u0441\u0442\u044c). \u0423\u0441\u0438\u043b\u0435\u043d\u043d\u044b\u0439 \u0441\u0435\u0440\u0434\u0435\u0447\u043d\u0438\u043a <span class=\"sd-tooltip\">(1)<span class=\"sd-tooltip-image\"><img decoding=\"async\" src=\"https:\/\/e-locks.eu\/wp-content\/uploads\/2026\/01\/move-scheme.png\" alt=\"MOVE schema\"><\/span><\/span> \u0434\u043b\u044f \u0437\u0430\u0449\u0438\u0442\u044b \u043e\u0442 \u043f\u0435\u0440\u0435\u043b\u043e\u043c\u0430, \u0441\u0442\u0430\u043b\u044c\u043d\u044b\u0435 \u0434\u0435\u0442\u0430\u043b\u0438 \u0432 \u043a\u043e\u0440\u043f\u0443\u0441\u0435 \u0438 \u043f\u043b\u0430\u0433\u0435 \u0446\u0438\u043b\u0438\u043d\u0434\u0440\u0430 <span class=\"sd-tooltip\">(4, 5)<span class=\"sd-tooltip-image\"><img decoding=\"async\" src=\"https:\/\/e-locks.eu\/wp-content\/uploads\/2026\/01\/move-scheme.png\" alt=\"MOVE schema\"><\/span><\/span> \u0434\u043b\u044f \u0437\u0430\u0449\u0438\u0442\u044b \u043e\u0442 \u0432\u044b\u0441\u0432\u0435\u0440\u043b\u0438\u0432\u0430\u043d\u0438\u044f. \u041f\u043e\u0434\u043f\u0440\u0443\u0436\u0438\u043d\u0435\u043d\u043d\u044b\u0435 \u0431\u043e\u043a\u043e\u0432\u044b\u0435 \u043f\u0438\u043d\u044b \u0434\u043b\u044f \u043f\u043e\u0432\u044b\u0448\u0435\u043d\u043d\u043e\u0439 \u0431\u0435\u0437\u043e\u043f\u0430\u0441\u043d\u043e\u0441\u0442\u0438.<\/li>\n<li><strong>\u041a\u043b\u044e\u0447\u0438:<\/strong> \u0440\u0435\u0432\u0435\u0440\u0441\u0438\u0432\u043d\u044b\u0435 \u0441 \u043f\u043e\u0434\u0432\u0438\u0436\u043d\u044b\u043c \u044d\u043b\u0435\u043c\u0435\u043d\u0442\u043e\u043c, \u0437\u0430\u0449\u0438\u0449\u0435\u043d\u043d\u044b\u0435 \u043f\u0430\u0442\u0435\u043d\u0442\u043e\u043c, \u0442\u0435\u0445\u043d\u0438\u0447\u0435\u0441\u043a\u0438 \u0441\u043b\u043e\u0436\u043d\u044b\u0435 \u0434\u043b\u044f \u043d\u0435\u043b\u0435\u0433\u0430\u043b\u044c\u043d\u043e\u0433\u043e \u043a\u043e\u043f\u0438\u0440\u043e\u0432\u0430\u043d\u0438\u044f, \u0441\u0434\u0435\u043b\u0430\u043d\u044b \u0438\u0437 \u043c\u0435\u043b\u044c\u0445\u0438\u043e\u0440\u0430 \u0434\u043b\u044f \u0434\u043e\u043b\u0433\u043e\u0432\u0435\u0447\u043d\u043e\u0439 \u0440\u0430\u0431\u043e\u0442\u044b.<\/li>\n<li><strong>\u0426\u0438\u043b\u0438\u043d\u0434\u0440 \u0441 \u0440\u0435\u0432\u0435\u0440\u0441\u0438\u0432\u043d\u044b\u043c \u043a\u043b\u044e\u0447\u043e\u043c \u0434\u043b\u044f \u043c\u0430\u0441\u0442\u0435\u0440-\u0441\u0438\u0441\u0442\u0435\u043c:<\/strong> \u043c\u043e\u0434\u0435\u043b\u044c <a href=\"https:\/\/shop.e-locks.eu\/ru\/product\/cilindras-mc-condor\/\">M&amp;C CONDOR<\/a>.<\/li>\n<li><strong>\u041e\u043f\u0446\u0438\u0438:<\/strong> \u0431\u043e\u043b\u0435\u0435 60 \u0442\u0438\u043f\u043e\u0440\u0430\u0437\u043c\u0435\u0440\u043e\u0432 \u0446\u0438\u043b\u0438\u043d\u0434\u0440\u043e\u0432 \u0434\u043e\u0441\u0442\u0443\u043f\u043d\u044b \u0432 \u0442\u0435\u0447\u0435\u043d\u0438\u0435 1-3 \u0434\u043d\u0435\u0439, \u043a\u043b\u044e\u0447\/\u043a\u043b\u044e\u0447 \u0438\u043b\u0438 \u043a\u043b\u044e\u0447\/\u0432\u0435\u0440\u0442\u0443\u0448\u043a\u0430, \u0432 \u043a\u043e\u043c\u043f\u043b\u0435\u043a\u0442\u0435 3 \u0438\u043b\u0438 5 \u043a\u043b\u044e\u0447\u0435\u0439. \u041e\u043f\u0446\u0438\u043e\u043d\u0430\u043b\u044c\u043d\u043e \u0446\u0438\u043b\u0438\u043d\u0434\u0440 \u043c\u043e\u0436\u0435\u0442 \u043a\u043e\u043c\u043f\u043b\u0435\u043a\u0442\u043e\u0432\u0430\u0442\u044c\u0441\u044f \u0448\u0435\u0441\u0442\u0435\u0440\u0435\u043d\u043a\u043e\u0439 \u0434\u043b\u044f \u0443\u0441\u0442\u0430\u043d\u043e\u0432\u043a\u0438 \u0432 \u0437\u0430\u043c\u043a\u0438 MUL-T-LOCK \u0438 \u0430\u043d\u0430\u043b\u043e\u0433\u0438.<\/li>\n<li>\u041f\u043e\u0434\u0440\u043e\u0431\u043d\u0435\u0435 \u043d\u0430 <a href=\"https:\/\/e-locks.eu\/ru\/move-cylinders\/\" target=\"_blank\" rel=\"noopener\">\u043d\u0430\u0448\u0435\u043c \u0441\u0430\u0439\u0442\u0435<\/a>.<\/li>\n<li><strong>\u0418\u043d\u0434\u0438\u0432\u0438\u0434\u0443\u0430\u043b\u044c\u043d\u0430\u044f \u043a\u043e\u043d\u0444\u0438\u0433\u0443\u0440\u0430\u0446\u0438\u044f:<\/strong> <a href=\"mailto:info@e-locks.eu\" target=\"_blank\" rel=\"noopener\">\u043d\u0430\u043f\u0438\u0448\u0438\u0442\u0435 \u043d\u0430\u043c<\/a>, \u0435\u0441\u043b\u0438 \u0432\u0430\u043c \u043d\u0443\u0436\u043d\u044b \u0446\u0438\u043b\u0438\u043d\u0434\u0440\u044b \u0441 \u043d\u0435\u0441\u0442\u0430\u043d\u0434\u0430\u0440\u0442\u043d\u044b\u043c \u043a\u043e\u043b\u0438\u0447\u0435\u0441\u0442\u0432\u043e\u043c \u043a\u043b\u044e\u0447\u0435\u0439 \u0438\u043b\u0438 \u0446\u0438\u043b\u0438\u043d\u0434\u0440\u044b \u0432 \u0441\u0438\u0441\u0442\u0435\u043c\u0435 \u00ab\u043f\u043e\u0434 \u043e\u0434\u0438\u043d \u043a\u043b\u044e\u0447\u00bb.<\/li>\n<\/ul>\n","protected":false},"featured_media":7118,"comment_status":"open","ping_status":"closed","template":"","meta":{"_acf_changed":false,"om_disable_all_campaigns":false,"inline_featured_image":false,"_monsterinsights_skip_tracking":false,"_monsterinsights_sitenote_active":false,"_monsterinsights_sitenote_note":"","_monsterinsights_sitenote_category":0,"site-sidebar-layout":"default","site-content-layout":"","ast-site-content-layout":"default","site-content-style":"default","site-sidebar-style":"default","ast-global-header-display":"","ast-banner-title-visibility":"","ast-main-header-display":"","ast-hfb-above-header-display":"","ast-hfb-below-header-display":"","ast-hfb-mobile-header-display":"","site-post-title":"","ast-breadcrumbs-content":"","ast-featured-img":"","footer-sml-layout":"","ast-disable-related-posts":"","theme-transparent-header-meta":"default","adv-header-id-meta":"","stick-header-meta":"","header-above-stick-meta":"","header-main-stick-meta":"","header-below-stick-meta":"","astra-migrate-meta-layouts":"set","ast-page-background-enabled":"default","ast-page-background-meta":{"desktop":{"background-color":"var(--ast-global-color-4)","background-image":"","background-repeat":"repeat","background-position":"center center","background-size":"auto","background-attachment":"scroll","background-type":"","background-media":"","overlay-type":"","overlay-color":"","overlay-opacity":"","overlay-gradient":""},"tablet":{"background-color":"","background-image":"","background-repeat":"repeat","background-position":"center center","background-size":"auto","background-attachment":"scroll","background-type":"","background-media":"","overlay-type":"","overlay-color":"","overlay-opacity":"","overlay-gradient":""},"mobile":{"background-color":"","background-image":"","background-repeat":"repeat","background-position":"center center","background-size":"auto","background-attachment":"scroll","background-type":"","background-media":"","overlay-type":"","overlay-color":"","overlay-opacity":"","overlay-gradient":""}},"ast-content-background-meta":{"desktop":{"background-color":"var(--ast-global-color-5)","background-image":"","background-repeat":"repeat","background-position":"center center","background-size":"auto","background-attachment":"scroll","background-type":"","background-media":"","overlay-type":"","overlay-color":"","overlay-opacity":"","overlay-gradient":""},"tablet":{"background-color":"var(--ast-global-color-5)","background-image":"","background-repeat":"repeat","background-position":"center center","background-size":"auto","background-attachment":"scroll","background-type":"","background-media":"","overlay-type":"","overlay-color":"","overlay-opacity":"","overlay-gradient":""},"mobile":{"background-color":"var(--ast-global-color-5)","background-image":"","background-repeat":"repeat","background-position":"center center","background-size":"auto","background-attachment":"scroll","background-type":"","background-media":"","overlay-type":"","overlay-color":"","overlay-opacity":"","overlay-gradient":""}}},"product_brand":[153],"product_cat":[83],"product_tag":[],"class_list":{"0":"post-6236","1":"product","2":"type-product","3":"status-publish","4":"has-post-thumbnail","6":"product_brand-mc","7":"product_cat-mc-cilindrai","8":"desktop-align-left","9":"tablet-align-left","10":"mobile-align-left","12":"first","13":"instock","14":"taxable","15":"shipping-taxable","16":"purchasable","17":"product-type-variable","18":"has-default-attributes"},"acf":[],"_links":{"self":[{"href":"https:\/\/shop.e-locks.eu\/ru\/wp-json\/wp\/v2\/product\/6236","targetHints":{"allow":["GET"]}}],"collection":[{"href":"https:\/\/shop.e-locks.eu\/ru\/wp-json\/wp\/v2\/product"}],"about":[{"href":"https:\/\/shop.e-locks.eu\/ru\/wp-json\/wp\/v2\/types\/product"}],"replies":[{"embeddable":true,"href":"https:\/\/shop.e-locks.eu\/ru\/wp-json\/wp\/v2\/comments?post=6236"}],"wp:featuredmedia":[{"embeddable":true,"href":"https:\/\/shop.e-locks.eu\/ru\/wp-json\/wp\/v2\/media\/7118"}],"wp:attachment":[{"href":"https:\/\/shop.e-locks.eu\/ru\/wp-json\/wp\/v2\/media?parent=6236"}],"wp:term":[{"taxonomy":"product_brand","embeddable":true,"href":"https:\/\/shop.e-locks.eu\/ru\/wp-json\/wp\/v2\/product_brand?post=6236"},{"taxonomy":"product_cat","embeddable":true,"href":"https:\/\/shop.e-locks.eu\/ru\/wp-json\/wp\/v2\/product_cat?post=6236"},{"taxonomy":"product_tag","embeddable":true,"href":"https:\/\/shop.e-locks.eu\/ru\/wp-json\/wp\/v2\/product_tag?post=6236"}],"curies":[{"name":"wp","href":"https:\/\/api.w.org\/{rel}","templated":true}]}}