{"id":627,"date":"2022-09-21T18:27:20","date_gmt":"2022-09-21T18:27:20","guid":{"rendered":"https:\/\/shop.e-locks.eu\/product\/\/"},"modified":"2025-03-14T13:33:16","modified_gmt":"2025-03-14T10:33:16","slug":"evva-airkey-skandinaviskas-isorinis-cilindras","status":"publish","type":"product","link":"https:\/\/shop.e-locks.eu\/lt\/product\/evva-airkey-skandinaviskas-isorinis-cilindras\/","title":{"rendered":"Skandinavi\u0161kas i\u0161orinis EVVA AirKey cilindras"},"content":{"rendered":"<p lang=\"en-US\">Cilindras EVVA AirKey skirtas jau esam\u0173 <a href=\"https:\/\/e-locks.eu\/evva-airkey-lt-versija\/\" target=\"_blank\" rel=\"noopener\">EVVA AirKey<\/a> sistem\u0173 i\u0161pl\u0117timui. \u012e komplekt\u0105 \u012feina tik cilindras, skaitytuvas ir baterijos. Cilindras pristatomas nesurinktas (skaitytuvas nesumontuotas). <span style=\"font-family: Times New Roman, serif;\">J\u016bs galite savaranki\u0161kai surinkti cilindr\u0105 (susipa<\/span><span style=\"font-family: Times New Roman, serif;\">\u017e<\/span><span style=\"font-family: Times New Roman, serif;\">inkite su surinkimo <a class=\"_ps2id\" href=\"https:\/\/e-locks.eu\/evva-airkey-lt-versija\/instrukcijos\/\" target=\"_blank\" rel=\"noopener\" data-ps2id-offset=\"\">instrukcija<\/a>, patalpinta m\u016bs\u0173 svetain\u0117je) arba u<\/span><span style=\"font-family: Times New Roman, serif;\">\u017e<\/span><span style=\"font-family: Times New Roman, serif;\">sisakyti atskir\u0105 nemokam\u0105 skaitytuvo montavimo paslaug\u0105 (tokiu atveju cilindras gali b\u016bti sumontuotas tik i\u0161 lauko dur\u0173 pus\u0117s). Be to, J\u016bs galite u\u017esisakyti atskir\u0105 pradini\u0173 sistemos derinimo paslaug\u0105. \u012e \u0161i\u0105 paslaug\u0105 taip pat \u012feina apmokymas pagrindini\u0173 EVVA AirKey sistemos derinimo princip\u0173. Atkreipkite d\u0117mes\u012f, kad mes neatliekame cilindr\u0173 sumontavimo duryse \u2013 \u0161i\u0105 operacij\u0105 Jums reik\u0117s atlikti savaranki\u0161kai. Apmokymas pravedamas rus\u0173 arba angl\u0173 kalba. Esant reikalui, J\u016bs galite u<\/span><span style=\"font-family: Times New Roman, serif;\">\u017e<\/span><span style=\"font-family: Times New Roman, serif;\">sisakyti papildomus raktus \u2013 pakabukus arba korteles.<\/span><\/p>\n<p lang=\"en-US\"><span style=\"font-family: Times New Roman, serif;\">Visi EVVA AirKey cilindrai priklauso IP-65 apsaugos klasei ir gali b\u016bti montuojami lauko s\u0105lygomis.<\/span><\/p>\n","protected":false},"excerpt":{"rendered":"<p lang=\"en-US\">\u0160i prek\u0117 skirta prid\u0117ti prie jau esam\u0173<a href=\"https:\/\/e-locks.eu\/evva-airkey-lt-versija\/\" target=\"_blank\" rel=\"noopener\"> EVVA AirKey prieigos kontrol\u0117s sistem\u0173<\/a>. \u012e komplekt\u0105 ne\u012feina raktai, KeyCredits kortel\u0117s ir \u012frankiai surinkimui. Jeigu Jums reikia rinkinio pirminiam sistemos paleidimui, \u012fsigykite <a href=\"https:\/\/shop.e-locks.eu\/product\/evva-rinkinys-airkey-starter-set-skandinaviskas-isorinis-cilindras\/\">EVVA AirKey Starter Set rinkin\u012f<\/a>.<\/p>\n<p lang=\"en-US\">Visi EVVA AirKey cilindrai priklauso IP-65 apsaugos klasei ir gali b\u016bti montuojami lauko s\u0105lygomis.<\/p>\n<p lang=\"en-US\"><a class=\"ps2id\" href=\"#tab-title-description\">I\u0161samesnis apra\u0161ymas<\/a><\/p>\n","protected":false},"featured_media":626,"comment_status":"open","ping_status":"closed","template":"","meta":{"_acf_changed":false,"om_disable_all_campaigns":false,"inline_featured_image":false,"_monsterinsights_skip_tracking":false,"_monsterinsights_sitenote_active":false,"_monsterinsights_sitenote_note":"","_monsterinsights_sitenote_category":0,"site-sidebar-layout":"default","site-content-layout":"default","ast-site-content-layout":"default","site-content-style":"default","site-sidebar-style":"default","ast-global-header-display":"","ast-banner-title-visibility":"","ast-main-header-display":"","ast-hfb-above-header-display":"","ast-hfb-below-header-display":"","ast-hfb-mobile-header-display":"","site-post-title":"","ast-breadcrumbs-content":"","ast-featured-img":"","footer-sml-layout":"","ast-disable-related-posts":"","theme-transparent-header-meta":"default","adv-header-id-meta":"","stick-header-meta":"","header-above-stick-meta":"","header-main-stick-meta":"","header-below-stick-meta":"","astra-migrate-meta-layouts":"set","ast-page-background-enabled":"default","ast-page-background-meta":{"desktop":{"background-color":"var(--ast-global-color-4)","background-image":"","background-repeat":"repeat","background-position":"center center","background-size":"auto","background-attachment":"scroll","background-type":"","background-media":"","overlay-type":"","overlay-color":"","overlay-opacity":"","overlay-gradient":""},"tablet":{"background-color":"","background-image":"","background-repeat":"repeat","background-position":"center center","background-size":"auto","background-attachment":"scroll","background-type":"","background-media":"","overlay-type":"","overlay-color":"","overlay-opacity":"","overlay-gradient":""},"mobile":{"background-color":"","background-image":"","background-repeat":"repeat","background-position":"center center","background-size":"auto","background-attachment":"scroll","background-type":"","background-media":"","overlay-type":"","overlay-color":"","overlay-opacity":"","overlay-gradient":""}},"ast-content-background-meta":{"desktop":{"background-color":"var(--ast-global-color-5)","background-image":"","background-repeat":"repeat","background-position":"center center","background-size":"auto","background-attachment":"scroll","background-type":"","background-media":"","overlay-type":"","overlay-color":"","overlay-opacity":"","overlay-gradient":""},"tablet":{"background-color":"var(--ast-global-color-5)","background-image":"","background-repeat":"repeat","background-position":"center center","background-size":"auto","background-attachment":"scroll","background-type":"","background-media":"","overlay-type":"","overlay-color":"","overlay-opacity":"","overlay-gradient":""},"mobile":{"background-color":"var(--ast-global-color-5)","background-image":"","background-repeat":"repeat","background-position":"center center","background-size":"auto","background-attachment":"scroll","background-type":"","background-media":"","overlay-type":"","overlay-color":"","overlay-opacity":"","overlay-gradient":""}}},"product_brand":[],"product_cat":[26],"product_tag":[],"class_list":{"0":"post-627","1":"product","2":"type-product","3":"status-publish","4":"has-post-thumbnail","6":"product_cat-evva-cylinders","7":"desktop-align-left","8":"tablet-align-left","9":"mobile-align-left","11":"first","12":"instock","13":"sold-individually","14":"taxable","15":"shipping-taxable","16":"purchasable","17":"product-type-variable","18":"has-default-attributes"},"acf":[],"_links":{"self":[{"href":"https:\/\/shop.e-locks.eu\/lt\/wp-json\/wp\/v2\/product\/627","targetHints":{"allow":["GET"]}}],"collection":[{"href":"https:\/\/shop.e-locks.eu\/lt\/wp-json\/wp\/v2\/product"}],"about":[{"href":"https:\/\/shop.e-locks.eu\/lt\/wp-json\/wp\/v2\/types\/product"}],"replies":[{"embeddable":true,"href":"https:\/\/shop.e-locks.eu\/lt\/wp-json\/wp\/v2\/comments?post=627"}],"wp:featuredmedia":[{"embeddable":true,"href":"https:\/\/shop.e-locks.eu\/lt\/wp-json\/wp\/v2\/media\/626"}],"wp:attachment":[{"href":"https:\/\/shop.e-locks.eu\/lt\/wp-json\/wp\/v2\/media?parent=627"}],"wp:term":[{"taxonomy":"product_brand","embeddable":true,"href":"https:\/\/shop.e-locks.eu\/lt\/wp-json\/wp\/v2\/product_brand?post=627"},{"taxonomy":"product_cat","embeddable":true,"href":"https:\/\/shop.e-locks.eu\/lt\/wp-json\/wp\/v2\/product_cat?post=627"},{"taxonomy":"product_tag","embeddable":true,"href":"https:\/\/shop.e-locks.eu\/lt\/wp-json\/wp\/v2\/product_tag?post=627"}],"curies":[{"name":"wp","href":"https:\/\/api.w.org\/{rel}","templated":true}]}}