{"id":6236,"date":"2026-02-02T11:30:25","date_gmt":"2026-02-02T08:30:25","guid":{"rendered":"https:\/\/shop.e-locks.eu\/lt\/product\/\/"},"modified":"2026-02-15T21:11:19","modified_gmt":"2026-02-15T18:11:19","slug":"cilindras-mc-move","status":"publish","type":"product","link":"https:\/\/shop.e-locks.eu\/lt\/product\/cilindras-mc-move\/","title":{"rendered":"Cilindras M&#038;C MOVE &#8211; maksimali rakt\u0173 apsauga"},"content":{"rendered":"<h2>M&amp;C MOVE cilindrai \u2014 apver\u010diamas raktas su judam\u0105ja dalimi<\/h2>\n<p>M&amp;C MOVE \u2013 tai saugiausias M&amp;C cilindrai su SKG*** sertifikacija. Skirtas \u012f\u0117jimo durims ir u\u017etikrina maksimal\u0173 saugum\u0105 nuo nelegalaus rakto kopijavimo. Neskirtas meistr\u0173 rakto sistemoms. U\u017etikrina auk\u0161t\u0105 atsparum\u0105 \u012fsilau\u017eimui, ilgaam\u017ei\u0161kum\u0105 ir stabil\u0173 veikim\u0105 net intensyviomis s\u0105lygomis.<\/p>\n<p>Galite pasirinkti tinkamiausi\u0105 cilindr\u0105, remdamiesi gamintojo pateikta technine informacija.<\/p>\n\n<table border=\"1\" cellspacing=\"0\" cellpadding=\"5\" class=\"product-specs-table\">\n<tr>\n<th><\/th>\n<th><a href=\"https:\/\/e-locks.eu\/ru\/mc-matrix-skg2\/\">MATRIX**<\/a><\/th>\n<th><a href=\"https:\/\/e-locks.eu\/ru\/cylinders-mc-matrix\/\">MATRIX***<\/a><\/th>\n<th><a href=\"https:\/\/e-locks.eu\/ru\/minos-skg3-cylinders\/\">MINOS<\/a><\/th>\n<th><a href=\"https:\/\/e-locks.eu\/ru\/condor-skg3-cylinders\/\">CONDOR<\/a><\/th>\n<th><a href=\"https:\/\/e-locks.eu\/ru\/move-cylinders\/\">MOVE<\/a><\/th>\n<\/tr>\n<tr>\n<td><strong>SKG klas\u0117<\/strong><\/td>\n<td><img decoding=\"async\" src=\"https:\/\/e-locks.eu\/wp-content\/uploads\/2026\/01\/SGG2.png\" alt=\"\"><\/td>\n<td><img decoding=\"async\" src=\"https:\/\/e-locks.eu\/wp-content\/uploads\/2026\/01\/SGG3.png\" alt=\"\"><\/td>\n<td><img decoding=\"async\" src=\"https:\/\/e-locks.eu\/wp-content\/uploads\/2026\/01\/SGG3.png\" alt=\"\"><\/td>\n<td><img decoding=\"async\" src=\"https:\/\/e-locks.eu\/wp-content\/uploads\/2026\/01\/SGG3.png\" alt=\"\"><\/td>\n<td><img decoding=\"async\" src=\"https:\/\/e-locks.eu\/wp-content\/uploads\/2026\/01\/SGG3.png\" alt=\"\"><\/td>\n<\/tr>\n<tr>\n<td><strong>EN-1303 klas\u0117<\/strong><\/td>\n<td>160B0A<sup>1)<\/sup><strong>4A<\/strong><sup>1)<\/sup><\/td>\n<td>160B0A1<sup>2)<\/sup><strong>6D<\/strong><sup>2)<\/sup><\/td>\n<td>160B0A1<sup>2)<\/sup><strong>6D<\/strong><sup>2)<\/sup><\/td>\n<td>160B0A1<sup>2)<\/sup><strong>6D<\/strong><sup>2)<\/sup><\/td>\n<td>160B0A1<sup>2)<\/sup><strong>6D<\/strong><sup>2)<\/sup><\/td>\n<\/tr>\n<tr>\n<td><strong>Rakto tipas (vis\u0173 modeli\u0173 raktai \u2013 i\u0161 melchioro)<\/strong><\/td>\n<td>\nTradicinis raktas \n<a href=\"https:\/\/e-locks.eu\/wp-content\/uploads\/2026\/01\/matrix-skg2_key2.png\" class=\"lightbox\">\n<img loading=\"lazy\" decoding=\"async\" src=\"https:\/\/e-locks.eu\/wp-content\/uploads\/2026\/01\/matrix-skg2_key2.png\" width=\"30\" height=\"30\">\n<\/a>\n<\/td>\n<td>\nTradicinis raktas \n<a href=\"https:\/\/e-locks.eu\/wp-content\/uploads\/2026\/01\/matrix-skg3-key.png\" class=\"lightbox\">\n<img loading=\"lazy\" decoding=\"async\" src=\"https:\/\/e-locks.eu\/wp-content\/uploads\/2026\/01\/matrix-skg3-key.png\" width=\"30\" height=\"30\">\n<\/a>\n<\/td>\n<td>\nApver\u010diamas raktas \n<a href=\"https:\/\/e-locks.eu\/wp-content\/uploads\/2026\/01\/minos-key.png\" class=\"lightbox\">\n<img loading=\"lazy\" decoding=\"async\" src=\"https:\/\/e-locks.eu\/wp-content\/uploads\/2026\/01\/minos-key.png\" width=\"30\" height=\"30\">\n<\/a>\n<\/td>\n<td>\nApver\u010diamas raktas\n<a href=\"https:\/\/e-locks.eu\/wp-content\/uploads\/2026\/01\/condor-key.png\" class=\"lightbox\">\n<img loading=\"lazy\" decoding=\"async\" src=\"https:\/\/e-locks.eu\/wp-content\/uploads\/2026\/01\/condor-key.png\" width=\"30\" height=\"30\">\n<\/a>\n<\/td>\n<td>\nApver\u010diamas raktas su judam\u0105ja dalimi\n<a href=\"https:\/\/e-locks.eu\/wp-content\/uploads\/2026\/01\/move_key.jpg\" class=\"lightbox\">\n<img loading=\"lazy\" decoding=\"async\" src=\"https:\/\/e-locks.eu\/wp-content\/uploads\/2026\/01\/move_key.jpg\" width=\"30\" height=\"30\">\n<\/a>\n<\/td>\n<\/tr>\n<tr>\n<td><strong>Apsauga nuo i\u0161traukimo<\/strong><\/td>\n<td><img decoding=\"async\" src=\"https:\/\/e-locks.eu\/wp-content\/uploads\/2026\/01\/green-sign.png\"><\/td>\n<td><img decoding=\"async\" src=\"https:\/\/e-locks.eu\/wp-content\/uploads\/2026\/01\/green-sign.png\"><\/td>\n<td><img decoding=\"async\" src=\"https:\/\/e-locks.eu\/wp-content\/uploads\/2026\/01\/2green-sign.png\"><\/td>\n<td><img decoding=\"async\" src=\"https:\/\/e-locks.eu\/wp-content\/uploads\/2026\/01\/3green-sign.png\"><\/td>\n<td><img decoding=\"async\" src=\"https:\/\/e-locks.eu\/wp-content\/uploads\/2026\/01\/3green-sign.png\"><\/td>\n<\/tr>\n<tr>\n<td><strong>Apsauga nuo perlau\u017eimo<\/strong><\/td>\n<td><img decoding=\"async\" src=\"https:\/\/e-locks.eu\/wp-content\/uploads\/2026\/01\/green-sign.png\"><\/td>\n<td><img decoding=\"async\" src=\"https:\/\/e-locks.eu\/wp-content\/uploads\/2026\/01\/green-sign.png\"><\/td>\n<td><img decoding=\"async\" src=\"https:\/\/e-locks.eu\/wp-content\/uploads\/2026\/01\/green-sign.png\"><\/td>\n<td><img decoding=\"async\" src=\"https:\/\/e-locks.eu\/wp-content\/uploads\/2026\/01\/green-sign.png\"><\/td>\n<td><img decoding=\"async\" src=\"https:\/\/e-locks.eu\/wp-content\/uploads\/2026\/01\/green-sign.png\"><\/td>\n<\/tr>\n<tr>\n<td><strong>Apsauga nuo gr\u0119\u017eimo<\/strong><\/td>\n<td><img decoding=\"async\" src=\"https:\/\/e-locks.eu\/wp-content\/uploads\/2026\/01\/green-sign.png\"><\/td>\n<td><img decoding=\"async\" src=\"https:\/\/e-locks.eu\/wp-content\/uploads\/2026\/01\/2green-sign.png\"><\/td>\n<td><img decoding=\"async\" src=\"https:\/\/e-locks.eu\/wp-content\/uploads\/2026\/01\/3green-sign.png\"><\/td>\n<td><img decoding=\"async\" src=\"https:\/\/e-locks.eu\/wp-content\/uploads\/2026\/01\/3green-sign.png\"><\/td>\n<td><img decoding=\"async\" src=\"https:\/\/e-locks.eu\/wp-content\/uploads\/2026\/01\/4green-sign.png\"><\/td>\n<\/tr>\n<tr>\n<td><strong>Apsauga nuo \u201ebumping\u2019o\u201c<\/strong><\/td>\n<td><img decoding=\"async\" src=\"https:\/\/e-locks.eu\/wp-content\/uploads\/2026\/01\/green-sign.png\"><\/td>\n<td><img decoding=\"async\" src=\"https:\/\/e-locks.eu\/wp-content\/uploads\/2026\/01\/green-sign.png\"><\/td>\n<td><img decoding=\"async\" src=\"https:\/\/e-locks.eu\/wp-content\/uploads\/2026\/01\/green-sign.png\"><\/td>\n<td><img decoding=\"async\" src=\"https:\/\/e-locks.eu\/wp-content\/uploads\/2026\/01\/green-sign.png\"><\/td>\n<td><img decoding=\"async\" src=\"https:\/\/e-locks.eu\/wp-content\/uploads\/2026\/01\/green-sign.png\"><\/td>\n<\/tr>\n<tr>\n<td><strong>Apsauga nuo visrak\u010di\u0173<\/strong><\/td>\n<td><img decoding=\"async\" src=\"https:\/\/e-locks.eu\/wp-content\/uploads\/2026\/01\/green-sign.png\"><\/td>\n<td><img decoding=\"async\" src=\"https:\/\/e-locks.eu\/wp-content\/uploads\/2026\/01\/2green-sign.png\"><\/td>\n<td><img decoding=\"async\" src=\"https:\/\/e-locks.eu\/wp-content\/uploads\/2026\/01\/2green-sign.png\"><\/td>\n<td><img decoding=\"async\" src=\"https:\/\/e-locks.eu\/wp-content\/uploads\/2026\/01\/3green-sign.png\"><\/td>\n<td><img decoding=\"async\" src=\"https:\/\/e-locks.eu\/wp-content\/uploads\/2026\/01\/4green-sign.png\"><\/td>\n<\/tr>\n<tr>\n<td><strong>Saugumo lygis<\/strong><\/td>\n<td><img decoding=\"async\" src=\"https:\/\/e-locks.eu\/wp-content\/uploads\/2026\/01\/red-dot.png\"><\/td>\n<td><img decoding=\"async\" src=\"https:\/\/e-locks.eu\/wp-content\/uploads\/2026\/01\/2red-dot.png\"><\/td>\n<td><img decoding=\"async\" src=\"https:\/\/e-locks.eu\/wp-content\/uploads\/2026\/01\/3red-dot.png\"><\/td>\n<td><img decoding=\"async\" src=\"https:\/\/e-locks.eu\/wp-content\/uploads\/2026\/01\/4red-dot.png\"><\/td>\n<td><img decoding=\"async\" src=\"https:\/\/e-locks.eu\/wp-content\/uploads\/2026\/01\/5red-dot.png\"><\/td>\n<\/tr>\n<tr>\n<td><strong>Apytiksl\u0117 ma\u017emenin\u0117 kaina (32+32 mm, cilindras raktas\/raktas, 3 raktai)<\/strong><\/td>\n        \n<td><strong><span class=\"woocommerce-Price-amount amount\"><bdi>56,87&nbsp;<span class=\"woocommerce-Price-currencySymbol\">&euro;<\/span><\/bdi><\/span><\/strong><\/td>\n<td><strong><span class=\"woocommerce-Price-amount amount\"><bdi>73,81&nbsp;<span class=\"woocommerce-Price-currencySymbol\">&euro;<\/span><\/bdi><\/span><\/strong><\/td>\n<td><strong><span class=\"woocommerce-Price-amount amount\"><bdi>87,12&nbsp;<span class=\"woocommerce-Price-currencySymbol\">&euro;<\/span><\/bdi><\/span><\/strong><\/td>\n<td><strong><span class=\"woocommerce-Price-amount amount\"><bdi>98,01&nbsp;<span class=\"woocommerce-Price-currencySymbol\">&euro;<\/span><\/bdi><\/span><\/strong><\/td>\n<td><strong><span class=\"woocommerce-Price-amount amount\"><bdi>156,09&nbsp;<span class=\"woocommerce-Price-currencySymbol\">&euro;<\/span><\/bdi><\/span><\/strong><\/td>\n<\/tr>\n<\/table>\n\n","protected":false},"excerpt":{"rendered":"<p><strong>M&amp;C MOVE<\/strong> \u2014 europinio profilio (DIN) cilindras su apver\u010diamu raktu ir maksimaliu saugumu nuo nelegalaus rakto kopijavimo. \u0160itas modelis n\u0117ra skirtas &#8222;karali\u0161ko rakto&#8221; sistemoms.<\/p>\n<ul>\n<li><strong>Maksimalus atsparumas \u012fsilau\u017eimui:<\/strong> auk\u0161\u010diausia apsaugos klas\u0117 pagal SKG*** ir EN-1303 standartus, apsauga nuo \u201ebumping\u201c, gr\u0119\u017eimo, perlau\u017eimo ir neautorizuoto rakt\u0173 kopijavimo.<\/li>\n<li><strong>Sertifikatai:<\/strong> EN-1303, DIN-18252, SKG***.<\/li>\n<li><strong>Mechanizmas:<\/strong> 6 spyruokliniai pinai + 5 slideriai <span class=\"sd-tooltip\">(3)<span class=\"sd-tooltip-image\"><img decoding=\"async\" src=\"https:\/\/e-locks.eu\/wp-content\/uploads\/2026\/01\/move-scheme.png\" alt=\"MOVE schema\" \/><\/span><\/span>, plieninis stypas i\u0161 ner\u016bdijan\u010dio plieno <span class=\"sd-tooltip\">(1)<span class=\"sd-tooltip-image\"><img decoding=\"async\" src=\"https:\/\/e-locks.eu\/wp-content\/uploads\/2026\/01\/move-scheme.png\" alt=\"MOVE schema\" \/><\/span><\/span>, plienin\u0117s detal\u0117s korpuse ir rotoriuje <span class=\"sd-tooltip\">(4, 5)<span class=\"sd-tooltip-image\"><img decoding=\"async\" src=\"https:\/\/e-locks.eu\/wp-content\/uploads\/2026\/01\/move-scheme.png\" alt=\"MOVE schema\" \/><\/span><\/span> apsaugai nuo gr\u0119\u017eimo ir i\u0161traukimo. Papildom\u0105 saugum\u0105 u\u017etikrina \u0161oniniai pinai su spyruokl\u0117mis.<\/li>\n<li><strong>Raktai:<\/strong> apver\u010diami su judam\u0105ja dalimi, patentuoti, sud\u0117tingi neautorizuotam kopijavimui, gaminami i\u0161 melchioro ilgaam\u017ei\u0161kumui u\u017etikrinti.<\/li>\n<li><strong>Cilindras su apver\u010diamu raktu &#8222;karali\u0161ko rakto&#8221; sistemoms:<\/strong> modelis <a href=\"https:\/\/shop.e-locks.eu\/lt\/product\/cilindras-mc-condor\/\">M&amp;C CONDOR<\/a>.<\/li>\n<li><strong>Parinktys:<\/strong> daugiau nei 60 dyd\u017ei\u0173 cilindr\u0173, raktas\u2013raktas arba raktas su suktuku, komplekte 3 arba 5 raktai. Galima komplektuoti su krumpliara\u010diu MUL-T-LOCK arba analogi\u0161kiems u\u017eraktams.<\/li>\n<li>Daugiau informacijos <a href=\"https:\/\/e-locks.eu\/move-skg3-cilindrai\/\" target=\"_blank\" rel=\"noopener\">m\u016bs\u0173 svetain\u0117je<\/a>.<\/li>\n<li><strong>Individuali konfig\u016bracija:<\/strong> <a href=\"mailto:info@e-locks.eu\" target=\"_blank\" rel=\"noopener\">para\u0161ykite mums<\/a>, jei reikia cilindr\u0173 su nestandartiniu rakt\u0173 skai\u010diumi arba cilindr\u0173 vieno rakto sistemoje.<\/li>\n<\/ul>\n","protected":false},"featured_media":7118,"comment_status":"open","ping_status":"closed","template":"","meta":{"_acf_changed":false,"om_disable_all_campaigns":false,"inline_featured_image":false,"_monsterinsights_skip_tracking":false,"_monsterinsights_sitenote_active":false,"_monsterinsights_sitenote_note":"","_monsterinsights_sitenote_category":0,"site-sidebar-layout":"default","site-content-layout":"","ast-site-content-layout":"default","site-content-style":"default","site-sidebar-style":"default","ast-global-header-display":"","ast-banner-title-visibility":"","ast-main-header-display":"","ast-hfb-above-header-display":"","ast-hfb-below-header-display":"","ast-hfb-mobile-header-display":"","site-post-title":"","ast-breadcrumbs-content":"","ast-featured-img":"","footer-sml-layout":"","ast-disable-related-posts":"","theme-transparent-header-meta":"default","adv-header-id-meta":"","stick-header-meta":"","header-above-stick-meta":"","header-main-stick-meta":"","header-below-stick-meta":"","astra-migrate-meta-layouts":"set","ast-page-background-enabled":"default","ast-page-background-meta":{"desktop":{"background-color":"var(--ast-global-color-4)","background-image":"","background-repeat":"repeat","background-position":"center center","background-size":"auto","background-attachment":"scroll","background-type":"","background-media":"","overlay-type":"","overlay-color":"","overlay-opacity":"","overlay-gradient":""},"tablet":{"background-color":"","background-image":"","background-repeat":"repeat","background-position":"center center","background-size":"auto","background-attachment":"scroll","background-type":"","background-media":"","overlay-type":"","overlay-color":"","overlay-opacity":"","overlay-gradient":""},"mobile":{"background-color":"","background-image":"","background-repeat":"repeat","background-position":"center center","background-size":"auto","background-attachment":"scroll","background-type":"","background-media":"","overlay-type":"","overlay-color":"","overlay-opacity":"","overlay-gradient":""}},"ast-content-background-meta":{"desktop":{"background-color":"var(--ast-global-color-5)","background-image":"","background-repeat":"repeat","background-position":"center center","background-size":"auto","background-attachment":"scroll","background-type":"","background-media":"","overlay-type":"","overlay-color":"","overlay-opacity":"","overlay-gradient":""},"tablet":{"background-color":"var(--ast-global-color-5)","background-image":"","background-repeat":"repeat","background-position":"center center","background-size":"auto","background-attachment":"scroll","background-type":"","background-media":"","overlay-type":"","overlay-color":"","overlay-opacity":"","overlay-gradient":""},"mobile":{"background-color":"var(--ast-global-color-5)","background-image":"","background-repeat":"repeat","background-position":"center center","background-size":"auto","background-attachment":"scroll","background-type":"","background-media":"","overlay-type":"","overlay-color":"","overlay-opacity":"","overlay-gradient":""}}},"product_brand":[153],"product_cat":[83],"product_tag":[],"class_list":{"0":"post-6236","1":"product","2":"type-product","3":"status-publish","4":"has-post-thumbnail","6":"product_brand-mc","7":"product_cat-mc-cilindrai","8":"desktop-align-left","9":"tablet-align-left","10":"mobile-align-left","12":"first","13":"instock","14":"taxable","15":"shipping-taxable","16":"purchasable","17":"product-type-variable","18":"has-default-attributes"},"acf":[],"_links":{"self":[{"href":"https:\/\/shop.e-locks.eu\/lt\/wp-json\/wp\/v2\/product\/6236","targetHints":{"allow":["GET"]}}],"collection":[{"href":"https:\/\/shop.e-locks.eu\/lt\/wp-json\/wp\/v2\/product"}],"about":[{"href":"https:\/\/shop.e-locks.eu\/lt\/wp-json\/wp\/v2\/types\/product"}],"replies":[{"embeddable":true,"href":"https:\/\/shop.e-locks.eu\/lt\/wp-json\/wp\/v2\/comments?post=6236"}],"wp:featuredmedia":[{"embeddable":true,"href":"https:\/\/shop.e-locks.eu\/lt\/wp-json\/wp\/v2\/media\/7118"}],"wp:attachment":[{"href":"https:\/\/shop.e-locks.eu\/lt\/wp-json\/wp\/v2\/media?parent=6236"}],"wp:term":[{"taxonomy":"product_brand","embeddable":true,"href":"https:\/\/shop.e-locks.eu\/lt\/wp-json\/wp\/v2\/product_brand?post=6236"},{"taxonomy":"product_cat","embeddable":true,"href":"https:\/\/shop.e-locks.eu\/lt\/wp-json\/wp\/v2\/product_cat?post=6236"},{"taxonomy":"product_tag","embeddable":true,"href":"https:\/\/shop.e-locks.eu\/lt\/wp-json\/wp\/v2\/product_tag?post=6236"}],"curies":[{"name":"wp","href":"https:\/\/api.w.org\/{rel}","templated":true}]}}