{"id":539,"date":"2022-09-21T16:41:45","date_gmt":"2022-09-21T16:41:45","guid":{"rendered":"https:\/\/shop.e-locks.eu\/product\/\/"},"modified":"2025-03-14T13:34:56","modified_gmt":"2025-03-14T10:34:56","slug":"evva-rinkinys-airkey-starter-set-europrofilio-cilindras-elektronika-is-vienos-puses","status":"publish","type":"product","link":"https:\/\/shop.e-locks.eu\/lt\/product\/evva-rinkinys-airkey-starter-set-europrofilio-cilindras-elektronika-is-vienos-puses\/","title":{"rendered":"EVVA Rinkinys AirKey Starter Set (europrofilio cilindras), elektronika i\u0161 vienos pus\u0117s"},"content":{"rendered":"<p>\u012e rinkin\u012f \u012feina:<br \/>\n\u2022 EVVA AirKey elektroninis cilindras su vienu skaitytuvu<br \/>\n\u2022 baterijos<br \/>\n\u2022 \u012frankiai skaitytuvui sumontuoti ant cilindro<br \/>\n\u2022 trys raktai-pakabukai juodos spalvos<br \/>\n\u2022 2 KeyCredits kortel\u0117s po 3 vienetus.<br \/>\nPra\u0161om tiksliai nustatyti Jums reikalingo cilindro dyd\u012f. Be to, jeigu cilindras montuojamas kartu su apsaugine funit\u016bra, Jums gali prireikti u\u017etkrinti tam tikro dyd\u017eio tarp\u0105 tarp cilindro korpuso ir skaitytuvo. Pasirinkite reikiam\u0105 prailginim\u0105.<br \/>\nCilindras pristatomas nesurinktas (skaitytuvas nesumontuotas). J\u016bs galite savaranki\u0161kai surinkti cilindr\u0105 (susipa\u017einkite su surinkimo<a href=\"https:\/\/e-locks.eu\/evva-airkey-lt-versija\/instrukcijos\/\" target=\"_blank\" rel=\"noopener\"> instrukcija<\/a>, patalpinta m\u016bs\u0173 svetain\u0117je) arba u\u017esisakyti atskir\u0105 nemokam\u0105 skaitytuvo montavimo paslaug\u0105 (tokiu atveju cilindras gali b\u016bti sumontuotas tik i\u0161 lauko dur\u0173 pus\u0117s). Be to, J\u016bs galite u\u017esisakyti atskir\u0105 pradini\u0173 sistemos nustatym\u0173 paslaug\u0105. \u012e \u0161i\u0105 paslaug\u0105 taip pat \u012feina apmokymas pagrindini\u0173 EVVA AirKey sistemos derinimo princip\u0173. Atkreipkite d\u0117mes\u012f, kad mes neatliekame cilindr\u0173 sumontavimo duryse \u2013 \u0161i\u0105 operacij\u0105 Jums reik\u0117s atlikti savaranki\u0161kai. Apmokymas pravedamas rus\u0173 arba angl\u0173 kalba.<\/p>\n<p>Esant reikalui, J\u016bs galite u\u017esisakyti papildomus raktus \u2013 <a href=\"https:\/\/shop.e-locks.eu\/product\/evva-airkey-pakabukas-juodas\/\">pakabukus<\/a> arba <a href=\"https:\/\/shop.e-locks.eu\/product\/evva-kortele\/\">korteles<\/a>.<\/p>\n<p>Visi EVVA AirKey cilindrai priklauso IP-65 apsaugos klasei ir gali b\u016bti montuojami lauko s\u0105lygomis.<\/p>\n","protected":false},"excerpt":{"rendered":"<p>Rinkinyje yra viskas, ko reik\u0117s prieigos kontrol\u0117s sistemai <a href=\"https:\/\/e-locks.eu\/evva-airkey-lt-versija\/\" target=\"_blank\" rel=\"noopener\">EVVA AirKey<\/a> pagrindu paleisti: elektroninis cilindras su vienu skaitytuv\u0173, baterij\u0173 komplektas, \u012frankiai surinkimui, trys raktai-pakabukai ir kortel\u0117s 6 KeyCredits vienetams. Pra\u0161om atkreipti d\u0117mes\u012f, kad cilindras pristatomas nesurinktas. J\u016bs galite atskirai u\u017esisakyti nemokam\u0105 skaitytuvo sumontavimo paslaug\u0105 (tokiu atveju cilindr\u0105 galima sumontuoti tik i\u0161 lauko dur\u0173 pus\u0117s). J\u016bs galite atskirai u\u017esisakyti sistemos derinimo ir pradinio naudojimo apmokymo paslaug\u0105 arba susipa\u017einti su savaranki\u0161ko surinkimo ir derinimo <a href=\"https:\/\/e-locks.eu\/evva-airkey-lt-versija\/instrukcijos\/\" target=\"_blank\" rel=\"noopener\">instrukcija<\/a>.<br \/>\nVisi EVVA AirKey cilindrai turi IP-65 apsaugos klas\u0119 ir gali b\u016bti sumontuoti lauko s\u0105lygomis.<\/p>\n<p lang=\"en-US\"><a class=\"ps2id\" href=\"#tab-title-description\">I\u0161samesnis apra\u0161ymas<\/a><\/p>\n","protected":false},"featured_media":172,"comment_status":"open","ping_status":"closed","template":"","meta":{"_acf_changed":false,"om_disable_all_campaigns":false,"inline_featured_image":false,"_monsterinsights_skip_tracking":false,"_monsterinsights_sitenote_active":false,"_monsterinsights_sitenote_note":"","_monsterinsights_sitenote_category":0,"site-sidebar-layout":"default","site-content-layout":"default","ast-site-content-layout":"default","site-content-style":"default","site-sidebar-style":"default","ast-global-header-display":"","ast-banner-title-visibility":"","ast-main-header-display":"","ast-hfb-above-header-display":"","ast-hfb-below-header-display":"","ast-hfb-mobile-header-display":"","site-post-title":"","ast-breadcrumbs-content":"","ast-featured-img":"","footer-sml-layout":"","ast-disable-related-posts":"","theme-transparent-header-meta":"default","adv-header-id-meta":"","stick-header-meta":"","header-above-stick-meta":"","header-main-stick-meta":"","header-below-stick-meta":"","astra-migrate-meta-layouts":"default","ast-page-background-enabled":"default","ast-page-background-meta":{"desktop":{"background-color":"var(--ast-global-color-4)","background-image":"","background-repeat":"repeat","background-position":"center center","background-size":"auto","background-attachment":"scroll","background-type":"","background-media":"","overlay-type":"","overlay-color":"","overlay-opacity":"","overlay-gradient":""},"tablet":{"background-color":"","background-image":"","background-repeat":"repeat","background-position":"center center","background-size":"auto","background-attachment":"scroll","background-type":"","background-media":"","overlay-type":"","overlay-color":"","overlay-opacity":"","overlay-gradient":""},"mobile":{"background-color":"","background-image":"","background-repeat":"repeat","background-position":"center center","background-size":"auto","background-attachment":"scroll","background-type":"","background-media":"","overlay-type":"","overlay-color":"","overlay-opacity":"","overlay-gradient":""}},"ast-content-background-meta":{"desktop":{"background-color":"var(--ast-global-color-5)","background-image":"","background-repeat":"repeat","background-position":"center center","background-size":"auto","background-attachment":"scroll","background-type":"","background-media":"","overlay-type":"","overlay-color":"","overlay-opacity":"","overlay-gradient":""},"tablet":{"background-color":"var(--ast-global-color-5)","background-image":"","background-repeat":"repeat","background-position":"center center","background-size":"auto","background-attachment":"scroll","background-type":"","background-media":"","overlay-type":"","overlay-color":"","overlay-opacity":"","overlay-gradient":""},"mobile":{"background-color":"var(--ast-global-color-5)","background-image":"","background-repeat":"repeat","background-position":"center center","background-size":"auto","background-attachment":"scroll","background-type":"","background-media":"","overlay-type":"","overlay-color":"","overlay-opacity":"","overlay-gradient":""}}},"product_brand":[],"product_cat":[20],"product_tag":[],"class_list":{"0":"post-539","1":"product","2":"type-product","3":"status-publish","4":"has-post-thumbnail","6":"product_cat-evva-set","7":"desktop-align-left","8":"tablet-align-left","9":"mobile-align-left","11":"first","12":"instock","13":"sold-individually","14":"taxable","15":"shipping-taxable","16":"purchasable","17":"product-type-variable","18":"has-default-attributes"},"acf":[],"_links":{"self":[{"href":"https:\/\/shop.e-locks.eu\/lt\/wp-json\/wp\/v2\/product\/539","targetHints":{"allow":["GET"]}}],"collection":[{"href":"https:\/\/shop.e-locks.eu\/lt\/wp-json\/wp\/v2\/product"}],"about":[{"href":"https:\/\/shop.e-locks.eu\/lt\/wp-json\/wp\/v2\/types\/product"}],"replies":[{"embeddable":true,"href":"https:\/\/shop.e-locks.eu\/lt\/wp-json\/wp\/v2\/comments?post=539"}],"wp:featuredmedia":[{"embeddable":true,"href":"https:\/\/shop.e-locks.eu\/lt\/wp-json\/wp\/v2\/media\/172"}],"wp:attachment":[{"href":"https:\/\/shop.e-locks.eu\/lt\/wp-json\/wp\/v2\/media?parent=539"}],"wp:term":[{"taxonomy":"product_brand","embeddable":true,"href":"https:\/\/shop.e-locks.eu\/lt\/wp-json\/wp\/v2\/product_brand?post=539"},{"taxonomy":"product_cat","embeddable":true,"href":"https:\/\/shop.e-locks.eu\/lt\/wp-json\/wp\/v2\/product_cat?post=539"},{"taxonomy":"product_tag","embeddable":true,"href":"https:\/\/shop.e-locks.eu\/lt\/wp-json\/wp\/v2\/product_tag?post=539"}],"curies":[{"name":"wp","href":"https:\/\/api.w.org\/{rel}","templated":true}]}}