{"id":1198,"date":"2024-11-28T12:19:39","date_gmt":"2024-11-28T09:19:39","guid":{"rendered":"https:\/\/shop.e-locks.eu\/product\/\/"},"modified":"2026-01-16T18:54:13","modified_gmt":"2026-01-16T15:54:13","slug":"waferlock-gateway-r400","status":"publish","type":"product","link":"https:\/\/shop.e-locks.eu\/lt\/product\/waferlock-gateway-r400\/","title":{"rendered":"Waferlock Gateway R400 su Waferkey firmware"},"content":{"rendered":"<p>Naudodamasis \u0161iuo prietaisu naudotojas gali nuotoliniu b\u016bdu valdyti spynas. Gateway R400 jungiasi prie interneto per laidin\u0119 s\u0105saj\u0105 (Ethernet), o prie spyn\u0173 &#8211; belaid\u017eiu ry\u0161iu.<br \/>\nVien\u0105 \u012frengin\u012f galima prijungti prie ne daugiau kaip 5 spyn\u0173 5-8 metr\u0173 atstumu. Spynos valdomos i\u0161 Waferkey program\u0117l\u0117s, o nuotolinis valdymas beveik nesiskiria nuo standartinio Bluetooth valdymo b\u016bdo.<\/p>\n<p>Jei reikia da\u017enai keisti prieigos teises, kai j\u016bs\u0173 n\u0117ra prie dur\u0173, Gateway R400 gali jums pad\u0117ti. Nuotolinis valdymas ypa\u010d naudingas trumpalaik\u0117s nuomos savininkams, <img loading=\"lazy\" decoding=\"async\" class=\"size-medium wp-image-1199 alignright\" src=\"https:\/\/shop.e-locks.eu\/wp-content\/uploads\/2024\/11\/Waferkey-remote-300x300.png\" alt=\"\" width=\"300\" height=\"300\" srcset=\"https:\/\/shop.e-locks.eu\/wp-content\/uploads\/2024\/11\/Waferkey-remote-300x300.png 300w, https:\/\/shop.e-locks.eu\/wp-content\/uploads\/2024\/11\/Waferkey-remote-600x600.png 600w, https:\/\/shop.e-locks.eu\/wp-content\/uploads\/2024\/11\/Waferkey-remote-100x100.png 100w, https:\/\/shop.e-locks.eu\/wp-content\/uploads\/2024\/11\/Waferkey-remote-150x150.png 150w, https:\/\/shop.e-locks.eu\/wp-content\/uploads\/2024\/11\/Waferkey-remote-768x768.png 768w, https:\/\/shop.e-locks.eu\/wp-content\/uploads\/2024\/11\/Waferkey-remote-1024x1024.png 1024w\" sizes=\"auto, (max-width: 300px) 100vw, 300px\" \/>nedideli\u0173 vie\u0161bu\u010di\u0173 ir biur\u0173 savininkams ar vadovams.<\/p>\n<p>\u017di\u016br\u0117kite <a href=\"https:\/\/e-locks.eu\/wp-content\/uploads\/2024\/11\/waferlock-remote.mp4\" target=\"_blank\" rel=\"noopener\">vaizdo \u012fra\u0161\u0105<\/a>, kuriame pateikiamas instaliavimo ir konfig\u016bravimo pavyzdys.<\/p>\n<p><em>Atkreipkite d\u0117mes\u012f: ne visos Waferlock elektronin\u0117s spynos palaiko nuotolin\u012f valdym\u0105. Patikrinkite <a href=\"https:\/\/e-locks.eu\/waferlock-lt-version\/nuotolinio-valdymo-budas\/\" target=\"_blank\" rel=\"noopener\">\u0161iame puslapyje<\/a> pateikt\u0105 informacij\u0105, kad su\u017einotum\u0117te, ar j\u016bs\u0173 modelis j\u0105 palaiko.<\/em><\/p>\n<p>&nbsp;<\/p>\n","protected":false},"excerpt":{"rendered":"<p>Naudodamasis \u0161iuo prietaisu naudotojas gali nuotoliniu b\u016bdu valdyti spynas. Gateway R400 jungiasi prie interneto per laidin\u0119 s\u0105saj\u0105 (Ethernet), o prie spyn\u0173 &#8211; belaid\u017eiu ry\u0161iu. Vien\u0105 \u012frengin\u012f galima prijungti prie ne daugiau kaip 5 spyn\u0173 5-8 metr\u0173 atstumu. Spynos valdomos i\u0161 Waferkey program\u0117l\u0117s, o nuotolinis valdymas beveik nesiskiria nuo standartinio Bluetooth valdymo b\u016bdo. Jei reikia da\u017enai [&hellip;]<\/p>\n","protected":false},"featured_media":1197,"comment_status":"open","ping_status":"closed","template":"","meta":{"_acf_changed":false,"om_disable_all_campaigns":false,"inline_featured_image":false,"_monsterinsights_skip_tracking":false,"_monsterinsights_sitenote_active":false,"_monsterinsights_sitenote_note":"","_monsterinsights_sitenote_category":0,"site-sidebar-layout":"default","site-content-layout":"","ast-site-content-layout":"default","site-content-style":"default","site-sidebar-style":"default","ast-global-header-display":"","ast-banner-title-visibility":"","ast-main-header-display":"","ast-hfb-above-header-display":"","ast-hfb-below-header-display":"","ast-hfb-mobile-header-display":"","site-post-title":"","ast-breadcrumbs-content":"","ast-featured-img":"","footer-sml-layout":"","ast-disable-related-posts":"","theme-transparent-header-meta":"default","adv-header-id-meta":"","stick-header-meta":"","header-above-stick-meta":"","header-main-stick-meta":"","header-below-stick-meta":"","astra-migrate-meta-layouts":"set","ast-page-background-enabled":"default","ast-page-background-meta":{"desktop":{"background-color":"var(--ast-global-color-4)","background-image":"","background-repeat":"repeat","background-position":"center center","background-size":"auto","background-attachment":"scroll","background-type":"","background-media":"","overlay-type":"","overlay-color":"","overlay-opacity":"","overlay-gradient":""},"tablet":{"background-color":"","background-image":"","background-repeat":"repeat","background-position":"center center","background-size":"auto","background-attachment":"scroll","background-type":"","background-media":"","overlay-type":"","overlay-color":"","overlay-opacity":"","overlay-gradient":""},"mobile":{"background-color":"","background-image":"","background-repeat":"repeat","background-position":"center center","background-size":"auto","background-attachment":"scroll","background-type":"","background-media":"","overlay-type":"","overlay-color":"","overlay-opacity":"","overlay-gradient":""}},"ast-content-background-meta":{"desktop":{"background-color":"var(--ast-global-color-5)","background-image":"","background-repeat":"repeat","background-position":"center center","background-size":"auto","background-attachment":"scroll","background-type":"","background-media":"","overlay-type":"","overlay-color":"","overlay-opacity":"","overlay-gradient":""},"tablet":{"background-color":"var(--ast-global-color-5)","background-image":"","background-repeat":"repeat","background-position":"center center","background-size":"auto","background-attachment":"scroll","background-type":"","background-media":"","overlay-type":"","overlay-color":"","overlay-opacity":"","overlay-gradient":""},"mobile":{"background-color":"var(--ast-global-color-5)","background-image":"","background-repeat":"repeat","background-position":"center center","background-size":"auto","background-attachment":"scroll","background-type":"","background-media":"","overlay-type":"","overlay-color":"","overlay-opacity":"","overlay-gradient":""}}},"product_brand":[],"product_cat":[55,46],"product_tag":[52,53,54],"class_list":{"0":"post-1198","1":"product","2":"type-product","3":"status-publish","4":"has-post-thumbnail","6":"product_cat-remote-locks-management","7":"product_cat-waferlock","8":"product_tag-electronic-locks","9":"product_tag-locks-for-airbnb","10":"product_tag-remote-lock-management","11":"desktop-align-left","12":"tablet-align-left","13":"mobile-align-left","15":"first","16":"instock","17":"taxable","18":"shipping-taxable","19":"purchasable","20":"product-type-simple"},"acf":[],"_links":{"self":[{"href":"https:\/\/shop.e-locks.eu\/lt\/wp-json\/wp\/v2\/product\/1198","targetHints":{"allow":["GET"]}}],"collection":[{"href":"https:\/\/shop.e-locks.eu\/lt\/wp-json\/wp\/v2\/product"}],"about":[{"href":"https:\/\/shop.e-locks.eu\/lt\/wp-json\/wp\/v2\/types\/product"}],"replies":[{"embeddable":true,"href":"https:\/\/shop.e-locks.eu\/lt\/wp-json\/wp\/v2\/comments?post=1198"}],"wp:featuredmedia":[{"embeddable":true,"href":"https:\/\/shop.e-locks.eu\/lt\/wp-json\/wp\/v2\/media\/1197"}],"wp:attachment":[{"href":"https:\/\/shop.e-locks.eu\/lt\/wp-json\/wp\/v2\/media?parent=1198"}],"wp:term":[{"taxonomy":"product_brand","embeddable":true,"href":"https:\/\/shop.e-locks.eu\/lt\/wp-json\/wp\/v2\/product_brand?post=1198"},{"taxonomy":"product_cat","embeddable":true,"href":"https:\/\/shop.e-locks.eu\/lt\/wp-json\/wp\/v2\/product_cat?post=1198"},{"taxonomy":"product_tag","embeddable":true,"href":"https:\/\/shop.e-locks.eu\/lt\/wp-json\/wp\/v2\/product_tag?post=1198"}],"curies":[{"name":"wp","href":"https:\/\/api.w.org\/{rel}","templated":true}]}}