{"id":1020,"date":"2024-04-07T12:33:06","date_gmt":"2024-04-07T09:33:06","guid":{"rendered":"https:\/\/shop.e-locks.eu\/product\/\/"},"modified":"2026-01-16T15:44:52","modified_gmt":"2026-01-16T12:44:52","slug":"elektroninis-cilindras-waferlock-c761","status":"publish","type":"product","link":"https:\/\/shop.e-locks.eu\/lt\/product\/elektroninis-cilindras-waferlock-c761\/","title":{"rendered":"Elektroninis cilindras WAFERLOCK C761"},"content":{"rendered":"<p>Elektronin\u0117s spynos WAFERLOCK gaminamos Taivane, tod\u0117l j\u0173 kokyb\u0117 yra auk\u0161ta, o kaina &#8211;\u00a0 priimtin\u0105.<br \/>\nGamini\u0173 kokyb\u0119 patvirtina Europos sertifikatai: CE, EN15684, atsparumo ugniai testas (1 val.), IP68 apsaugos nuo atmosferos poveikio lygis.<br \/>\n<img loading=\"lazy\" decoding=\"async\" class=\"alignnone size-medium wp-image-1163\" src=\"https:\/\/shop.e-locks.eu\/wp-content\/uploads\/2024\/04\/CE-cylinders-300x300.png\" alt=\"\" width=\"300\" height=\"300\" srcset=\"https:\/\/shop.e-locks.eu\/wp-content\/uploads\/2024\/04\/CE-cylinders-300x300.png 300w, https:\/\/shop.e-locks.eu\/wp-content\/uploads\/2024\/04\/CE-cylinders-600x600.png 600w, https:\/\/shop.e-locks.eu\/wp-content\/uploads\/2024\/04\/CE-cylinders-100x100.png 100w, https:\/\/shop.e-locks.eu\/wp-content\/uploads\/2024\/04\/CE-cylinders-150x150.png 150w, https:\/\/shop.e-locks.eu\/wp-content\/uploads\/2024\/04\/CE-cylinders-768x768.png 768w, https:\/\/shop.e-locks.eu\/wp-content\/uploads\/2024\/04\/CE-cylinders-1024x1024.png 1024w\" sizes=\"auto, (max-width: 300px) 100vw, 300px\" \/> <img loading=\"lazy\" decoding=\"async\" class=\"alignnone size-medium wp-image-1164\" src=\"https:\/\/shop.e-locks.eu\/wp-content\/uploads\/2024\/04\/EN-cylinders-300x300.png\" alt=\"\" width=\"300\" height=\"300\" srcset=\"https:\/\/shop.e-locks.eu\/wp-content\/uploads\/2024\/04\/EN-cylinders-300x300.png 300w, https:\/\/shop.e-locks.eu\/wp-content\/uploads\/2024\/04\/EN-cylinders-600x600.png 600w, https:\/\/shop.e-locks.eu\/wp-content\/uploads\/2024\/04\/EN-cylinders-100x100.png 100w, https:\/\/shop.e-locks.eu\/wp-content\/uploads\/2024\/04\/EN-cylinders-150x150.png 150w, https:\/\/shop.e-locks.eu\/wp-content\/uploads\/2024\/04\/EN-cylinders-768x768.png 768w, https:\/\/shop.e-locks.eu\/wp-content\/uploads\/2024\/04\/EN-cylinders-1024x1024.png 1024w\" sizes=\"auto, (max-width: 300px) 100vw, 300px\" \/><\/p>\n<p>\u201cWaferkey\u201d prieigos kontrol\u0117s sistema leid\u017eia pritaikyti prieig\u0105 naudotojams, apriboti j\u0105 pagal laik\u0105. D\u0117l paprastos s\u0105sajos prieigos valdymas yra paprastas ir intuityvus.<br \/>\n<div style=\"width: 640px;\" class=\"wp-video\"><video class=\"wp-video-shortcode\" id=\"video-1020-1\" width=\"640\" height=\"360\" preload=\"metadata\" controls=\"controls\"><source type=\"video\/mp4\" src=\"https:\/\/e-locks.eu\/wp-content\/uploads\/2023\/12\/waferkey_app%20video.mp4?_=1\" \/><a href=\"https:\/\/e-locks.eu\/wp-content\/uploads\/2023\/12\/waferkey_app%20video.mp4\">https:\/\/e-locks.eu\/wp-content\/uploads\/2023\/12\/waferkey_app%20video.mp4<\/a><\/video><\/div><\/p>\n<p>\u0160ios spynos skirtos privatiems namams ar butams, taip pat biurams. Naudotoj\u0173 skai\u010dius &#8211; nuo 250 iki 2000, priklausomai nuo naudojimo b\u016bdo.<br \/>\nBaterijos tarnavimo laikas: ma\u017edaug 1,5 met\u0173 (10 atidarym\u0173 per dien\u0105, esant +20 \u2103 temperat\u016brai).<br \/>\nSpyna turi IP68 atsparumo oro s\u0105lygoms sertifikat\u0105 ir tinka montuoti lauke (garantuojamas funkcionalumas, bet ne i\u0161vaizda).<img loading=\"lazy\" decoding=\"async\" class=\" wp-image-1159 alignright\" src=\"https:\/\/shop.e-locks.eu\/wp-content\/uploads\/2024\/04\/C760-IP68-300x300.jpg\" alt=\"\" width=\"196\" height=\"196\" srcset=\"https:\/\/shop.e-locks.eu\/wp-content\/uploads\/2024\/04\/C760-IP68-300x300.jpg 300w, https:\/\/shop.e-locks.eu\/wp-content\/uploads\/2024\/04\/C760-IP68-600x600.jpg 600w, https:\/\/shop.e-locks.eu\/wp-content\/uploads\/2024\/04\/C760-IP68-100x100.jpg 100w, https:\/\/shop.e-locks.eu\/wp-content\/uploads\/2024\/04\/C760-IP68-150x150.jpg 150w, https:\/\/shop.e-locks.eu\/wp-content\/uploads\/2024\/04\/C760-IP68-768x768.jpg 768w, https:\/\/shop.e-locks.eu\/wp-content\/uploads\/2024\/04\/C760-IP68-1024x1024.jpg 1024w\" sizes=\"auto, (max-width: 196px) 100vw, 196px\" \/><br \/>\nSpynos gali b\u016bti montuojamos ir patalpose, ir lauke (leistina temperat\u016bra nuo -20 \u2103 iki +60 \u2103).<\/p>\n<p>Spyna gali veikti vienu i\u0161 dviej\u0173 re\u017eim\u0173:<\/p>\n<ul>\n<li>autonominis re\u017eimas (nenaudojant i\u0161maniojo telefono): prieigos teis\u0117s programuojamos naudojant speciali\u0105 programavimo kortel\u0119<\/li>\n<li>susiejimo su i\u0161maniuoju telefonu re\u017eimas: prieigos teisi\u0173 programavimas ir spynos nustatymas atliekamas naudojant speciali\u0105 Waferkey program\u0117l\u0119)<\/li>\n<\/ul>\n<p>Autonominiame re\u017eime spyna gali atsiminti iki 250 korteli\u0173. Susiejimo su i\u0161maniuoju telefonu re\u017eime spyna gali prisiminti iki 2000 prieigos b\u016bd\u0173 (korteli\u0173, atidarymo naudojant program\u0117le).<br \/>\nSusiejimo su i\u0161maniuoju telefonu re\u017eime kiekvienam vartotojui galima nustatyti prieigos laik\u0105 (periodin\u012f, diapazon\u0105 ir pan.), taip pat galite matyti \u012fvyki\u0173 istorij\u0105.<br \/>\nSpyna palaiko 2 prieigos tipus: kortel\u0117, prieiga naudojant program\u0117l\u0119.<img loading=\"lazy\" decoding=\"async\" class=\"alignnone wp-image-1160\" src=\"https:\/\/shop.e-locks.eu\/wp-content\/uploads\/2024\/04\/C761_2ways-of-opening-300x300.jpg\" alt=\"\" width=\"165\" height=\"165\" srcset=\"https:\/\/shop.e-locks.eu\/wp-content\/uploads\/2024\/04\/C761_2ways-of-opening-300x300.jpg 300w, https:\/\/shop.e-locks.eu\/wp-content\/uploads\/2024\/04\/C761_2ways-of-opening-600x600.jpg 600w, https:\/\/shop.e-locks.eu\/wp-content\/uploads\/2024\/04\/C761_2ways-of-opening-100x100.jpg 100w, https:\/\/shop.e-locks.eu\/wp-content\/uploads\/2024\/04\/C761_2ways-of-opening-150x150.jpg 150w, https:\/\/shop.e-locks.eu\/wp-content\/uploads\/2024\/04\/C761_2ways-of-opening-768x768.jpg 768w, https:\/\/shop.e-locks.eu\/wp-content\/uploads\/2024\/04\/C761_2ways-of-opening-1024x1024.jpg 1024w\" sizes=\"auto, (max-width: 165px) 100vw, 165px\" \/><br \/>\nGalima nuotoliniu b\u016bdu nusi\u0173sti rakt\u0105 i\u0161 vieno i\u0161maniojo telefono \u012f kit\u0105.<br \/>\nKaip raktai naudojamas bet koks MIFARE standarto \u010dipas (Classic, DESFire ir kt.). Galite naudoti daugum\u0105 bekontak\u010di\u0173 banko korteli\u0173 ir transporto korteli\u0173. <strong>\u012e komplekt\u0105 kortel\u0117 ne\u012feina<\/strong>; galima \u012fsigyti papildom\u0173 korteli\u0173 (MIFARE Classic kortel\u0117) arba rakt\u0173 pakabuk\u0173 su MIFARE \u010dipu (MIFARE Classic pakabukas).<br \/>\nVidinis suktukas gali b\u016bti montuojamas skirtingose \u200b\u200bpad\u0117tyse, tod\u0117l galima pakeisti cilindro vidin\u012f ilg\u012f ma\u017edaug 15 mm ribose. Taigi vidinis 30 mm ilgis i\u0161 tikr\u0173j\u0173 rei\u0161kia 30\u201345 mm.<br \/>\nBaterij\u0105 galima keisti i\u0161or\u0117je.<br \/>\nNaudojimo ir montavimo instrukcijos angl\u0173, vokie\u010di\u0173, pranc\u016bz\u0173, ispan\u0173 ir ital\u0173 kalbomis.<br \/>\nProgramos s\u0105saja angl\u0173, rus\u0173, vokie\u010di\u0173, pranc\u016bz\u0173, ispan\u0173, ital\u0173 ir kin\u0173 kalbomis.<br \/>\nD\u0117mesio! Spynos nepalaiko automatinio perjungimo \u012f \u017eiemos\/vasaros laik\u0105. Jei reikia naudoti prieigos tvarkara\u0161\u010dius, du kartus per metus atnaujinkite \u012frenginio laik\u0105 naudodami i\u0161man\u0173j\u012f telefon\u0105.<br \/>\n\u012evykiai \u012fvyki\u0173 istorijoje visada rodomi standartiniu (\u017eiemos) laiku.<br \/>\n2 met\u0173 garantija. Garantija netaikoma i\u0161or\u0117s gedimui (r\u016bdijimui, patams\u0117jimui) d\u0117l i\u0161orini\u0173 poveiki\u0173.<br \/>\nGr\u0105\u017einimo s\u0105lygos: spyn\u0105 galima gr\u0105\u017einti nepa\u017eeistoje pakuot\u0117je, be i\u0161orini\u0173 pa\u017eeidim\u0173 ir tik gamyklin\u0117s programin\u0117s \u012frangos b\u016bkl\u0117s (poravimas su mobiliuoju telefonu turi b\u016bti nutrauktas).<\/p>\n","protected":false},"excerpt":{"rendered":"<p>Elektronin\u0117s spynos WAFERLOCK gaminamos Taivane.<br \/>\nGamini\u0173 kokyb\u0119 patvirtina Europos sertifikatai: CE, EN15684, atsparumo ugniai testas (1 val.), IP68 apsaugos nuo atmosferos poveikio lygis.<br \/>\nSpynos gali b\u016bti montuojamos ir patalpose, ir lauke (leistina temperat\u016bra nuo -20 \u2103 iki +60 \u2103).<\/p>\n<p>Pra\u0161ome pasirinkti reikiam\u0105 cilindro ilg\u012f. Atkreipkite d\u0117mes\u012f: elektronika visada bus montuojama \u201ekair\u0117je\u201c cilindro pus\u0117je (30+40 mm dyd\u017eio, elektronika bus 30 mm, o 40+30 mm \u2013 40 mm \u0161one).<\/p>\n<p>Perskaitykite <a href=\"https:\/\/e-locks.eu\/en\/waferlock\/waferlock-smart-cylinders\/\" target=\"_blank\" rel=\"noopener\">gaminio apra\u0161ym\u0105 m\u016bs\u0173 svetain\u0117je<\/a>.<\/p>\n<p>Perskaitykite <a href=\"https:\/\/e-locks.eu\/en\/waferlock\/waferlock-access-control-systems\/\" target=\"_blank\" rel=\"noopener\">instrukcijas ir vaizdo instrukcijas<\/a>.<\/p>\n<p><img loading=\"lazy\" decoding=\"async\" class=\"alignnone size-medium wp-image-1161\" src=\"https:\/\/shop.e-locks.eu\/wp-content\/uploads\/2024\/04\/C760-drawing-300x300.png\" alt=\"\" width=\"300\" height=\"300\" srcset=\"https:\/\/shop.e-locks.eu\/wp-content\/uploads\/2024\/04\/C760-drawing-300x300.png 300w, https:\/\/shop.e-locks.eu\/wp-content\/uploads\/2024\/04\/C760-drawing-600x600.png 600w, https:\/\/shop.e-locks.eu\/wp-content\/uploads\/2024\/04\/C760-drawing-100x100.png 100w, https:\/\/shop.e-locks.eu\/wp-content\/uploads\/2024\/04\/C760-drawing-150x150.png 150w, https:\/\/shop.e-locks.eu\/wp-content\/uploads\/2024\/04\/C760-drawing-768x768.png 768w, https:\/\/shop.e-locks.eu\/wp-content\/uploads\/2024\/04\/C760-drawing-1024x1024.png 1024w\" sizes=\"auto, (max-width: 300px) 100vw, 300px\" \/><\/p>\n","protected":false},"featured_media":1042,"comment_status":"open","ping_status":"closed","template":"","meta":{"_acf_changed":false,"om_disable_all_campaigns":false,"inline_featured_image":false,"_monsterinsights_skip_tracking":false,"_monsterinsights_sitenote_active":false,"_monsterinsights_sitenote_note":"","_monsterinsights_sitenote_category":0,"site-sidebar-layout":"default","site-content-layout":"","ast-site-content-layout":"default","site-content-style":"default","site-sidebar-style":"default","ast-global-header-display":"","ast-banner-title-visibility":"","ast-main-header-display":"","ast-hfb-above-header-display":"","ast-hfb-below-header-display":"","ast-hfb-mobile-header-display":"","site-post-title":"","ast-breadcrumbs-content":"","ast-featured-img":"","footer-sml-layout":"","ast-disable-related-posts":"","theme-transparent-header-meta":"default","adv-header-id-meta":"","stick-header-meta":"","header-above-stick-meta":"","header-main-stick-meta":"","header-below-stick-meta":"","astra-migrate-meta-layouts":"set","ast-page-background-enabled":"default","ast-page-background-meta":{"desktop":{"background-color":"var(--ast-global-color-4)","background-image":"","background-repeat":"repeat","background-position":"center center","background-size":"auto","background-attachment":"scroll","background-type":"","background-media":"","overlay-type":"","overlay-color":"","overlay-opacity":"","overlay-gradient":""},"tablet":{"background-color":"","background-image":"","background-repeat":"repeat","background-position":"center center","background-size":"auto","background-attachment":"scroll","background-type":"","background-media":"","overlay-type":"","overlay-color":"","overlay-opacity":"","overlay-gradient":""},"mobile":{"background-color":"","background-image":"","background-repeat":"repeat","background-position":"center center","background-size":"auto","background-attachment":"scroll","background-type":"","background-media":"","overlay-type":"","overlay-color":"","overlay-opacity":"","overlay-gradient":""}},"ast-content-background-meta":{"desktop":{"background-color":"var(--ast-global-color-5)","background-image":"","background-repeat":"repeat","background-position":"center center","background-size":"auto","background-attachment":"scroll","background-type":"","background-media":"","overlay-type":"","overlay-color":"","overlay-opacity":"","overlay-gradient":""},"tablet":{"background-color":"var(--ast-global-color-5)","background-image":"","background-repeat":"repeat","background-position":"center center","background-size":"auto","background-attachment":"scroll","background-type":"","background-media":"","overlay-type":"","overlay-color":"","overlay-opacity":"","overlay-gradient":""},"mobile":{"background-color":"var(--ast-global-color-5)","background-image":"","background-repeat":"repeat","background-position":"center center","background-size":"auto","background-attachment":"scroll","background-type":"","background-media":"","overlay-type":"","overlay-color":"","overlay-opacity":"","overlay-gradient":""}}},"product_brand":[],"product_cat":[47],"product_tag":[62,58,59,57,60,53,56,61,65,66,63,64],"class_list":{"0":"post-1020","1":"product","2":"type-product","3":"status-publish","4":"has-post-thumbnail","6":"product_cat-waferlock-electronic-cylinders","7":"product_tag-airbnb-spynos","8":"product_tag-electronic-lock","9":"product_tag-electronine-spyna","10":"product_tag-ismanoji-spyna","11":"product_tag-lock-for-hotels","12":"product_tag-locks-for-airbnb","13":"product_tag-smart-lock","14":"product_tag-spynos-viesbuciams","15":"product_tag---airbnb","16":"product_tag-66","17":"product_tag-63","18":"product_tag-64","19":"desktop-align-left","20":"tablet-align-left","21":"mobile-align-left","23":"first","24":"instock","25":"taxable","26":"shipping-taxable","27":"purchasable","28":"product-type-variable","29":"has-default-attributes"},"acf":[],"_links":{"self":[{"href":"https:\/\/shop.e-locks.eu\/lt\/wp-json\/wp\/v2\/product\/1020","targetHints":{"allow":["GET"]}}],"collection":[{"href":"https:\/\/shop.e-locks.eu\/lt\/wp-json\/wp\/v2\/product"}],"about":[{"href":"https:\/\/shop.e-locks.eu\/lt\/wp-json\/wp\/v2\/types\/product"}],"replies":[{"embeddable":true,"href":"https:\/\/shop.e-locks.eu\/lt\/wp-json\/wp\/v2\/comments?post=1020"}],"wp:featuredmedia":[{"embeddable":true,"href":"https:\/\/shop.e-locks.eu\/lt\/wp-json\/wp\/v2\/media\/1042"}],"wp:attachment":[{"href":"https:\/\/shop.e-locks.eu\/lt\/wp-json\/wp\/v2\/media?parent=1020"}],"wp:term":[{"taxonomy":"product_brand","embeddable":true,"href":"https:\/\/shop.e-locks.eu\/lt\/wp-json\/wp\/v2\/product_brand?post=1020"},{"taxonomy":"product_cat","embeddable":true,"href":"https:\/\/shop.e-locks.eu\/lt\/wp-json\/wp\/v2\/product_cat?post=1020"},{"taxonomy":"product_tag","embeddable":true,"href":"https:\/\/shop.e-locks.eu\/lt\/wp-json\/wp\/v2\/product_tag?post=1020"}],"curies":[{"name":"wp","href":"https:\/\/api.w.org\/{rel}","templated":true}]}}