{"id":916,"date":"2022-10-12T15:11:21","date_gmt":"2022-10-12T12:11:21","guid":{"rendered":"https:\/\/shop.e-locks.eu\/?page_id=916"},"modified":"2022-11-16T11:40:50","modified_gmt":"2022-11-16T08:40:50","slug":"welcome","status":"publish","type":"page","link":"https:\/\/shop.e-locks.eu\/lt\/welcome\/","title":{"rendered":"Sveiki atvyk\u0119 \u012f m\u016bs\u0173 elektronini\u0173 spyn\u0173 internetin\u0119 parduotuv\u0119 e-locks.eu"},"content":{"rendered":"<p>Parduotuv&#279;je J&#363;s&#371; patogumui galite pasirinkti lietuvi&#371;, <a href=\"https:\/\/shop.e-locks.eu\/en\/\" data-type=\"URL\" data-id=\"https:\/\/shop.e-locks.eu\/en\/\">angl&#371;<\/a> ir <a href=\"https:\/\/shop.e-locks.eu\/ru\/\" data-type=\"URL\" data-id=\"https:\/\/shop.e-locks.eu\/ru\/\">rus&#371;<\/a><a href=\"https:\/\/shop.e-locks.eu\/ru\/\" data-type=\"URL\" data-id=\"https:\/\/shop.e-locks.eu\/ru\/\"><\/a> kalb&#261;.<\/p>\n\n\n\n<div class=\"wp-block-columns is-layout-flex wp-container-core-columns-is-layout-c6bc58be wp-block-columns-is-layout-flex\" style=\"padding-top:0px;padding-right:0px;padding-bottom:0px;padding-left:0px\">\n<div class=\"wp-block-column is-layout-flow wp-block-column-is-layout-flow\" style=\"flex-basis:80%\">\n<p>Jeigu J&#363;s perkate cilindr&#371; mechanizmus EVVA AirKey pirm&#261; kart&#261;, tikriauskiai Jums prireiks ir &bdquo;<a href=\"https:\/\/shop.e-locks.eu\/product_cat\/evva-set\/\" data-type=\"URL\" data-id=\"https:\/\/shop.e-locks.eu\/product_cat\/evva-set\/\">starto rinkinio<\/a>&bdquo;&ndash; jame rasite visk&#261;, ko reikia prieigos sistemai paleisti: cilindr&#261;, tris raktus, 6 KeyCredit vienetus ir &#303;rankius skaitytuvui i&scaron;montuoti ir &#303;rengti.<\/p>\n<\/div>\n\n\n\n<div class=\"wp-block-column is-layout-flow wp-block-column-is-layout-flow\" style=\"flex-basis:33.33%\">\n<figure class=\"wp-block-image size-large is-resized\"><a href=\"https:\/\/shop.e-locks.eu\/ru\/product_cat\/evva-set\/\"><img loading=\"lazy\" decoding=\"async\" src=\"https:\/\/shop.e-locks.eu\/wp-content\/uploads\/2022\/09\/starter-package-single-cylinder-with-prolongation-scaled-1024x1024.jpg\" alt=\"\" class=\"wp-image-172\" width=\"199\" height=\"199\" srcset=\"https:\/\/shop.e-locks.eu\/wp-content\/uploads\/2022\/09\/starter-package-single-cylinder-with-prolongation-scaled-1024x1024.jpg 1024w, https:\/\/shop.e-locks.eu\/wp-content\/uploads\/2022\/09\/starter-package-single-cylinder-with-prolongation-scaled-300x300.jpg 300w, https:\/\/shop.e-locks.eu\/wp-content\/uploads\/2022\/09\/starter-package-single-cylinder-with-prolongation-scaled-600x600.jpg 600w, https:\/\/shop.e-locks.eu\/wp-content\/uploads\/2022\/09\/starter-package-single-cylinder-with-prolongation-scaled-100x100.jpg 100w, https:\/\/shop.e-locks.eu\/wp-content\/uploads\/2022\/09\/starter-package-single-cylinder-with-prolongation-scaled-150x150.jpg 150w, https:\/\/shop.e-locks.eu\/wp-content\/uploads\/2022\/09\/starter-package-single-cylinder-with-prolongation-scaled-768x768.jpg 768w\" sizes=\"auto, (max-width: 199px) 100vw, 199px\"\/><\/a><\/figure>\n<\/div>\n<\/div>\n\n\n\n<div class=\"wp-block-columns is-layout-flex wp-container-core-columns-is-layout-c6bc58be wp-block-columns-is-layout-flex\" style=\"padding-top:0px;padding-right:0px;padding-bottom:0px;padding-left:0px\">\n<div class=\"wp-block-column is-layout-flow wp-block-column-is-layout-flow\" style=\"flex-basis:80%\">\n<p><\/p>\n\n\n\n<p>Jeigu pageidaujate i&scaron;pl&#279;sti jau turim&#261; EVVA AiKey sistem&#261;, J&#363;s galite &#303;sigyti tik <a href=\"https:\/\/shop.e-locks.eu\/product_cat\/evva-cylinders\/\" data-type=\"URL\" data-id=\"https:\/\/shop.e-locks.eu\/product_cat\/evva-cylinders\/\">cilindrus<\/a>.<\/p>\n<\/div>\n\n\n\n<div class=\"wp-block-column is-layout-flow wp-block-column-is-layout-flow\" style=\"flex-basis:33.33%\">\n<figure class=\"wp-block-image size-large is-resized\"><a href=\"https:\/\/shop.e-locks.eu\/ru\/product_cat\/evva-cylinders\/\"><img loading=\"lazy\" decoding=\"async\" src=\"https:\/\/shop.e-locks.eu\/wp-content\/uploads\/2022\/09\/01-1024x1024.jpg\" alt=\"\" class=\"wp-image-529\" width=\"204\" height=\"204\" srcset=\"https:\/\/shop.e-locks.eu\/wp-content\/uploads\/2022\/09\/01-1024x1024.jpg 1024w, https:\/\/shop.e-locks.eu\/wp-content\/uploads\/2022\/09\/01-300x300.jpg 300w, https:\/\/shop.e-locks.eu\/wp-content\/uploads\/2022\/09\/01-600x600.jpg 600w, https:\/\/shop.e-locks.eu\/wp-content\/uploads\/2022\/09\/01-100x100.jpg 100w, https:\/\/shop.e-locks.eu\/wp-content\/uploads\/2022\/09\/01-150x150.jpg 150w, https:\/\/shop.e-locks.eu\/wp-content\/uploads\/2022\/09\/01-768x768.jpg 768w\" sizes=\"auto, (max-width: 204px) 100vw, 204px\"\/><\/a><\/figure>\n<\/div>\n<\/div>\n\n\n\n<div class=\"wp-block-columns is-layout-flex wp-container-core-columns-is-layout-c6bc58be wp-block-columns-is-layout-flex\" style=\"padding-top:0px;padding-right:0px;padding-bottom:0px;padding-left:0px\">\n<div class=\"wp-block-column is-layout-flow wp-block-column-is-layout-flow\" style=\"flex-basis:80%\">\n<p><\/p>\n\n\n\n<p>Be abejo, m&#363;s&#371; parduotuv&#279;je galima pirkti ir lydim&#261;sias prekes: <a href=\"https:\/\/shop.e-locks.eu\/product_cat\/keycredits\/\" data-type=\"URL\" data-id=\"https:\/\/shop.e-locks.eu\/product_cat\/keycredits\/\">elektroninius raktus EVVA AirKey, korteles KeyCredits<\/a>, <a href=\"https:\/\/shop.e-locks.eu\/product_cat\/accessories\/\" data-type=\"URL\" data-id=\"https:\/\/shop.e-locks.eu\/product_cat\/accessories\/\">avarinio maitinimo &scaron;altinius ir kod&#371; stoteles<\/a>.<\/p>\n<\/div>\n\n\n\n<div class=\"wp-block-column is-layout-flow wp-block-column-is-layout-flow\" style=\"flex-basis:33.33%\">\n<figure class=\"wp-block-image size-large is-resized\"><img loading=\"lazy\" decoding=\"async\" src=\"https:\/\/shop.e-locks.eu\/wp-content\/uploads\/2022\/09\/all-cards-1024x1024.png\" alt=\"\" class=\"wp-image-724\" width=\"194\" height=\"194\" srcset=\"https:\/\/shop.e-locks.eu\/wp-content\/uploads\/2022\/09\/all-cards-1024x1024.png 1024w, https:\/\/shop.e-locks.eu\/wp-content\/uploads\/2022\/09\/all-cards-300x300.png 300w, https:\/\/shop.e-locks.eu\/wp-content\/uploads\/2022\/09\/all-cards-600x600.png 600w, https:\/\/shop.e-locks.eu\/wp-content\/uploads\/2022\/09\/all-cards-100x100.png 100w, https:\/\/shop.e-locks.eu\/wp-content\/uploads\/2022\/09\/all-cards-150x150.png 150w, https:\/\/shop.e-locks.eu\/wp-content\/uploads\/2022\/09\/all-cards-768x768.png 768w\" sizes=\"auto, (max-width: 194px) 100vw, 194px\"\/><\/figure>\n<\/div>\n<\/div>\n\n\n\n<p>Pra&scaron;om atkreipti d&#279;mes&#303;, kad EVVA AirKey &ndash; galinga ir gan sud&#279;tinga prieigos kontrol&#279;s ir valdymo sistema. Prie&scaron; &#303;sigyjant b&#363;tinai susipa&#382;inkite su jos <a href=\"https:\/\/e-locks.eu\/evva-airkey-lt-versija\/\" data-type=\"URL\" data-id=\"https:\/\/e-locks.eu\/evva-airkey-lt-versija\/\">veikimo principais<\/a> ir sistemos paleidimo ir administravimo <a href=\"https:\/\/e-locks.eu\/evva-airkey-lt-versija\/instrukcijos\/\" data-type=\"URL\" data-id=\"https:\/\/e-locks.eu\/evva-airkey-lt-versija\/instrukcijos\/\">instrukcijomis<\/a><a href=\"https:\/\/e-locks.eu\/ru\/evva-airkey\/%d0%b8%d0%bd%d1%81%d1%82%d1%80%d1%83%d0%ba%d1%86%d0%b8%d0%b8\/\" data-type=\"URL\" data-id=\"https:\/\/e-locks.eu\/ru\/evva-airkey\/%d0%b8%d0%bd%d1%81%d1%82%d1%80%d1%83%d0%ba%d1%86%d0%b8%d0%b8\/\"><\/a>.<\/p>\n\n\n\n<p>Esant b&#363;tinybei, mes galime <a href=\"https:\/\/shop.e-locks.eu\/product_cat\/evva-services\/\" data-type=\"URL\" data-id=\"https:\/\/shop.e-locks.eu\/product_cat\/evva-services\/\">pad&#279;ti<\/a> Jums suderinti sistem&#261; ir apmokyti bazini&#371; administravimo operacij&#371;. Atkreipkite d&#279;mes&#303;, kad apmokymas vyksta angl&#371; arba rus&#371; kalba.<\/p>\n\n\n\n<div class=\"wp-block-columns is-layout-flex wp-container-core-columns-is-layout-c6bc58be wp-block-columns-is-layout-flex\" style=\"padding-top:0px;padding-right:0px;padding-bottom:0px;padding-left:0px\">\n<div class=\"wp-block-column is-layout-flow wp-block-column-is-layout-flow\" style=\"padding-top:0px;padding-right:0px;padding-bottom:0px;padding-left:0px;flex-basis:66.66%\">\n<p>&#302;sigyjant Europos profilio cilindro mechanizm&#261;, ypating&#261; d&#279;mes&#303; atkreipkite &#303; teisign&#261; cilindro dyd&#382;i&#371; ir pus&#281;, kurioje bus sumontuotas elektroninis skaitytuvas, nurodym&#261;.<\/p>\n\n\n\n<p>Tuo atveju, jeigu Jums reikia &#303;rengti cilindr&#261; kartu su apsaugine furnit&#363;ra, Jums gali prireikti specialios modifikacijos su prailginimu (5, 10 arba 15 mm).<\/p>\n<\/div>\n\n\n\n<div class=\"wp-block-column is-layout-flow wp-block-column-is-layout-flow\" style=\"flex-basis:33.33%\">\n<figure class=\"wp-block-image size-full\"><img loading=\"lazy\" decoding=\"async\" width=\"716\" height=\"305\" src=\"https:\/\/shop.e-locks.eu\/wp-content\/uploads\/2022\/09\/drawing2withprolongation-1.jpg\" alt=\"\" class=\"wp-image-508\" srcset=\"https:\/\/shop.e-locks.eu\/wp-content\/uploads\/2022\/09\/drawing2withprolongation-1.jpg 716w, https:\/\/shop.e-locks.eu\/wp-content\/uploads\/2022\/09\/drawing2withprolongation-1-300x128.jpg 300w, https:\/\/shop.e-locks.eu\/wp-content\/uploads\/2022\/09\/drawing2withprolongation-1-600x256.jpg 600w\" sizes=\"auto, (max-width: 716px) 100vw, 716px\"\/><\/figure>\n<\/div>\n<\/div>\n\n\n\n<p>Mes dirbame Lietuvos ir Latvijos teritorijose. Pristatymas &#303; kitas &scaron;alis nevykdomas. Pra&scaron;om susipa&#382;inti su m&#363;s&#371; <a href=\"https:\/\/shop.e-locks.eu\/pristatymas\/\" data-type=\"URL\" data-id=\"https:\/\/shop.e-locks.eu\/pristatymas\/\">pristatymo<\/a>, <a href=\"https:\/\/shop.e-locks.eu\/garantija-ir-grazinimas\/\" data-type=\"URL\" data-id=\"https:\/\/shop.e-locks.eu\/garantija-ir-grazinimas\/\">gr&#261;&#382;inimo ir garantijos<\/a> taisykl&#279;mis.<\/p>\n\n\n\n<p> Be m&#363;s&#371; parduotuv&#279;je pristatom&#371; preki&#371;, EVVA AirKey sistemoje yra ir kit&#371; rakinan&#269;i&#371; &#303;rengini&#371; variant&#371; (pakabinomos spynos, bald&#371; spynos ir kt.). Norint &#303;sigyti &#303;rengin&#303;, kurio n&#279;ra m&#363;s&#371; parduotuv&#279;je, susisiekite su mumis &ndash; mes mielai Jums pad&#279;sime.<\/p>\n","protected":false},"excerpt":{"rendered":"<p>Parduotuv&#279;je J&#363;s&#371; patogumui galite pasirinkti lietuvi&#371;, angl&#371; ir rus&#371; kalb&#261;. Jeigu J&#363;s perkate cilindr&#371; mechanizmus EVVA AirKey pirm&#261; kart&#261;, tikriauskiai Jums prireiks ir &bdquo;starto rinkinio&bdquo;&ndash; jame rasite visk&#261;, ko reikia prieigos sistemai paleisti: cilindr&#261;, tris raktus, 6 KeyCredit vienetus ir &#303;rankius skaitytuvui i&scaron;montuoti ir &#303;rengti. Jeigu pageidaujate i&scaron;pl&#279;sti jau turim&#261; EVVA AiKey sistem&#261;, J&#363;s galite [&hellip;]<\/p>\n","protected":false},"author":1,"featured_media":0,"parent":0,"menu_order":0,"comment_status":"closed","ping_status":"closed","template":"","meta":{"_acf_changed":false,"om_disable_all_campaigns":false,"inline_featured_image":false,"_monsterinsights_skip_tracking":false,"_monsterinsights_sitenote_active":false,"_monsterinsights_sitenote_note":"","_monsterinsights_sitenote_category":0,"site-sidebar-layout":"default","site-content-layout":"","ast-site-content-layout":"default","site-content-style":"default","site-sidebar-style":"default","ast-global-header-display":"","ast-banner-title-visibility":"","ast-main-header-display":"","ast-hfb-above-header-display":"","ast-hfb-below-header-display":"","ast-hfb-mobile-header-display":"","site-post-title":"","ast-breadcrumbs-content":"","ast-featured-img":"","footer-sml-layout":"","ast-disable-related-posts":"","theme-transparent-header-meta":"","adv-header-id-meta":"","stick-header-meta":"","header-above-stick-meta":"","header-main-stick-meta":"","header-below-stick-meta":"","astra-migrate-meta-layouts":"default","ast-page-background-enabled":"default","ast-page-background-meta":{"desktop":{"background-color":"var(--ast-global-color-4)","background-image":"","background-repeat":"repeat","background-position":"center center","background-size":"auto","background-attachment":"scroll","background-type":"","background-media":"","overlay-type":"","overlay-color":"","overlay-opacity":"","overlay-gradient":""},"tablet":{"background-color":"","background-image":"","background-repeat":"repeat","background-position":"center center","background-size":"auto","background-attachment":"scroll","background-type":"","background-media":"","overlay-type":"","overlay-color":"","overlay-opacity":"","overlay-gradient":""},"mobile":{"background-color":"","background-image":"","background-repeat":"repeat","background-position":"center center","background-size":"auto","background-attachment":"scroll","background-type":"","background-media":"","overlay-type":"","overlay-color":"","overlay-opacity":"","overlay-gradient":""}},"ast-content-background-meta":{"desktop":{"background-color":"var(--ast-global-color-5)","background-image":"","background-repeat":"repeat","background-position":"center center","background-size":"auto","background-attachment":"scroll","background-type":"","background-media":"","overlay-type":"","overlay-color":"","overlay-opacity":"","overlay-gradient":""},"tablet":{"background-color":"var(--ast-global-color-5)","background-image":"","background-repeat":"repeat","background-position":"center center","background-size":"auto","background-attachment":"scroll","background-type":"","background-media":"","overlay-type":"","overlay-color":"","overlay-opacity":"","overlay-gradient":""},"mobile":{"background-color":"var(--ast-global-color-5)","background-image":"","background-repeat":"repeat","background-position":"center center","background-size":"auto","background-attachment":"scroll","background-type":"","background-media":"","overlay-type":"","overlay-color":"","overlay-opacity":"","overlay-gradient":""}},"footnotes":""},"class_list":["post-916","page","type-page","status-publish","hentry"],"acf":[],"_links":{"self":[{"href":"https:\/\/shop.e-locks.eu\/lt\/wp-json\/wp\/v2\/pages\/916","targetHints":{"allow":["GET"]}}],"collection":[{"href":"https:\/\/shop.e-locks.eu\/lt\/wp-json\/wp\/v2\/pages"}],"about":[{"href":"https:\/\/shop.e-locks.eu\/lt\/wp-json\/wp\/v2\/types\/page"}],"author":[{"embeddable":true,"href":"https:\/\/shop.e-locks.eu\/lt\/wp-json\/wp\/v2\/users\/1"}],"replies":[{"embeddable":true,"href":"https:\/\/shop.e-locks.eu\/lt\/wp-json\/wp\/v2\/comments?post=916"}],"version-history":[{"count":11,"href":"https:\/\/shop.e-locks.eu\/lt\/wp-json\/wp\/v2\/pages\/916\/revisions"}],"predecessor-version":[{"id":1173,"href":"https:\/\/shop.e-locks.eu\/lt\/wp-json\/wp\/v2\/pages\/916\/revisions\/1173"}],"wp:attachment":[{"href":"https:\/\/shop.e-locks.eu\/lt\/wp-json\/wp\/v2\/media?parent=916"}],"curies":[{"name":"wp","href":"https:\/\/api.w.org\/{rel}","templated":true}]}}