{"id":5365,"date":"2026-02-02T10:16:14","date_gmt":"2026-02-02T07:16:14","guid":{"rendered":"https:\/\/shop.e-locks.eu\/lt\/product\/\/"},"modified":"2026-02-15T21:12:09","modified_gmt":"2026-02-15T18:12:09","slug":"cilindras-mc-condor","status":"publish","type":"product","link":"https:\/\/shop.e-locks.eu\/en\/product\/cilindras-mc-condor\/","title":{"rendered":"M&C CONDOR cylinder"},"content":{"rendered":"<h2>M&amp;C CONDOR cylinders \u2014 higher security and flexibility<\/h2>\n<p>M&amp;C CONDOR is M&amp;C cylinders model with SKG*** certification. Designed for entrance doors where security is a priority, also suitable for master key systems. Provides high burglary resistance, long-lasting durability, and stable operation even under heavy use.<br \/>\nYou can select the most suitable cylinder based on manufacturer specifications.<br \/>\n\n<table border=\"1\" cellspacing=\"0\" cellpadding=\"5\" class=\"product-specs-table\">\n<tr>\n<th><\/th>\n<th><a href=\"https:\/\/e-locks.eu\/ru\/mc-matrix-skg2\/\">MATRIX**<\/a><\/th>\n<th><a href=\"https:\/\/e-locks.eu\/ru\/cylinders-mc-matrix\/\">MATRIX***<\/a><\/th>\n<th><a href=\"https:\/\/e-locks.eu\/ru\/minos-skg3-cylinders\/\">MINOS<\/a><\/th>\n<th><a href=\"https:\/\/e-locks.eu\/ru\/condor-skg3-cylinders\/\">CONDOR<\/a><\/th>\n<th><a href=\"https:\/\/e-locks.eu\/ru\/move-cylinders\/\">MOVE<\/a><\/th>\n<\/tr>\n<tr>\n<td><strong>SKG klas\u0117<\/strong><\/td>\n<td><img decoding=\"async\" src=\"https:\/\/e-locks.eu\/wp-content\/uploads\/2026\/01\/SGG2.png\" alt=\"\"><\/td>\n<td><img decoding=\"async\" src=\"https:\/\/e-locks.eu\/wp-content\/uploads\/2026\/01\/SGG3.png\" alt=\"\"><\/td>\n<td><img decoding=\"async\" src=\"https:\/\/e-locks.eu\/wp-content\/uploads\/2026\/01\/SGG3.png\" alt=\"\"><\/td>\n<td><img decoding=\"async\" src=\"https:\/\/e-locks.eu\/wp-content\/uploads\/2026\/01\/SGG3.png\" alt=\"\"><\/td>\n<td><img decoding=\"async\" src=\"https:\/\/e-locks.eu\/wp-content\/uploads\/2026\/01\/SGG3.png\" alt=\"\"><\/td>\n<\/tr>\n<tr>\n<td><strong>EN-1303 klas\u0117<\/strong><\/td>\n<td>160B0A<sup>1)<\/sup><strong>4A<\/strong><sup>1)<\/sup><\/td>\n<td>160B0A1<sup>2)<\/sup><strong>6D<\/strong><sup>2)<\/sup><\/td>\n<td>160B0A1<sup>2)<\/sup><strong>6D<\/strong><sup>2)<\/sup><\/td>\n<td>160B0A1<sup>2)<\/sup><strong>6D<\/strong><sup>2)<\/sup><\/td>\n<td>160B0A1<sup>2)<\/sup><strong>6D<\/strong><sup>2)<\/sup><\/td>\n<\/tr>\n<tr>\n<td><strong>Rakto tipas (vis\u0173 modeli\u0173 raktai \u2013 i\u0161 melchioro)<\/strong><\/td>\n<td>\nTradicinis raktas \n<a href=\"https:\/\/e-locks.eu\/wp-content\/uploads\/2026\/01\/matrix-skg2_key2.png\" class=\"lightbox\">\n<img loading=\"lazy\" decoding=\"async\" src=\"https:\/\/e-locks.eu\/wp-content\/uploads\/2026\/01\/matrix-skg2_key2.png\" width=\"30\" height=\"30\">\n<\/a>\n<\/td>\n<td>\nTradicinis raktas \n<a href=\"https:\/\/e-locks.eu\/wp-content\/uploads\/2026\/01\/matrix-skg3-key.png\" class=\"lightbox\">\n<img loading=\"lazy\" decoding=\"async\" src=\"https:\/\/e-locks.eu\/wp-content\/uploads\/2026\/01\/matrix-skg3-key.png\" width=\"30\" height=\"30\">\n<\/a>\n<\/td>\n<td>\nApver\u010diamas raktas \n<a href=\"https:\/\/e-locks.eu\/wp-content\/uploads\/2026\/01\/minos-key.png\" class=\"lightbox\">\n<img loading=\"lazy\" decoding=\"async\" src=\"https:\/\/e-locks.eu\/wp-content\/uploads\/2026\/01\/minos-key.png\" width=\"30\" height=\"30\">\n<\/a>\n<\/td>\n<td>\nApver\u010diamas raktas\n<a href=\"https:\/\/e-locks.eu\/wp-content\/uploads\/2026\/01\/condor-key.png\" class=\"lightbox\">\n<img loading=\"lazy\" decoding=\"async\" src=\"https:\/\/e-locks.eu\/wp-content\/uploads\/2026\/01\/condor-key.png\" width=\"30\" height=\"30\">\n<\/a>\n<\/td>\n<td>\nApver\u010diamas raktas su judam\u0105ja dalimi\n<a href=\"https:\/\/e-locks.eu\/wp-content\/uploads\/2026\/01\/move_key.jpg\" class=\"lightbox\">\n<img loading=\"lazy\" decoding=\"async\" src=\"https:\/\/e-locks.eu\/wp-content\/uploads\/2026\/01\/move_key.jpg\" width=\"30\" height=\"30\">\n<\/a>\n<\/td>\n<\/tr>\n<tr>\n<td><strong>Apsauga nuo i\u0161traukimo<\/strong><\/td>\n<td><img decoding=\"async\" src=\"https:\/\/e-locks.eu\/wp-content\/uploads\/2026\/01\/green-sign.png\"><\/td>\n<td><img decoding=\"async\" src=\"https:\/\/e-locks.eu\/wp-content\/uploads\/2026\/01\/green-sign.png\"><\/td>\n<td><img decoding=\"async\" src=\"https:\/\/e-locks.eu\/wp-content\/uploads\/2026\/01\/2green-sign.png\"><\/td>\n<td><img decoding=\"async\" src=\"https:\/\/e-locks.eu\/wp-content\/uploads\/2026\/01\/3green-sign.png\"><\/td>\n<td><img decoding=\"async\" src=\"https:\/\/e-locks.eu\/wp-content\/uploads\/2026\/01\/3green-sign.png\"><\/td>\n<\/tr>\n<tr>\n<td><strong>Apsauga nuo perlau\u017eimo<\/strong><\/td>\n<td><img decoding=\"async\" src=\"https:\/\/e-locks.eu\/wp-content\/uploads\/2026\/01\/green-sign.png\"><\/td>\n<td><img decoding=\"async\" src=\"https:\/\/e-locks.eu\/wp-content\/uploads\/2026\/01\/green-sign.png\"><\/td>\n<td><img decoding=\"async\" src=\"https:\/\/e-locks.eu\/wp-content\/uploads\/2026\/01\/green-sign.png\"><\/td>\n<td><img decoding=\"async\" src=\"https:\/\/e-locks.eu\/wp-content\/uploads\/2026\/01\/green-sign.png\"><\/td>\n<td><img decoding=\"async\" src=\"https:\/\/e-locks.eu\/wp-content\/uploads\/2026\/01\/green-sign.png\"><\/td>\n<\/tr>\n<tr>\n<td><strong>Apsauga nuo gr\u0119\u017eimo<\/strong><\/td>\n<td><img decoding=\"async\" src=\"https:\/\/e-locks.eu\/wp-content\/uploads\/2026\/01\/green-sign.png\"><\/td>\n<td><img decoding=\"async\" src=\"https:\/\/e-locks.eu\/wp-content\/uploads\/2026\/01\/2green-sign.png\"><\/td>\n<td><img decoding=\"async\" src=\"https:\/\/e-locks.eu\/wp-content\/uploads\/2026\/01\/3green-sign.png\"><\/td>\n<td><img decoding=\"async\" src=\"https:\/\/e-locks.eu\/wp-content\/uploads\/2026\/01\/3green-sign.png\"><\/td>\n<td><img decoding=\"async\" src=\"https:\/\/e-locks.eu\/wp-content\/uploads\/2026\/01\/4green-sign.png\"><\/td>\n<\/tr>\n<tr>\n<td><strong>Apsauga nuo \u201ebumping\u2019o\u201c<\/strong><\/td>\n<td><img decoding=\"async\" src=\"https:\/\/e-locks.eu\/wp-content\/uploads\/2026\/01\/green-sign.png\"><\/td>\n<td><img decoding=\"async\" src=\"https:\/\/e-locks.eu\/wp-content\/uploads\/2026\/01\/green-sign.png\"><\/td>\n<td><img decoding=\"async\" src=\"https:\/\/e-locks.eu\/wp-content\/uploads\/2026\/01\/green-sign.png\"><\/td>\n<td><img decoding=\"async\" src=\"https:\/\/e-locks.eu\/wp-content\/uploads\/2026\/01\/green-sign.png\"><\/td>\n<td><img decoding=\"async\" src=\"https:\/\/e-locks.eu\/wp-content\/uploads\/2026\/01\/green-sign.png\"><\/td>\n<\/tr>\n<tr>\n<td><strong>Apsauga nuo visrak\u010di\u0173<\/strong><\/td>\n<td><img decoding=\"async\" src=\"https:\/\/e-locks.eu\/wp-content\/uploads\/2026\/01\/green-sign.png\"><\/td>\n<td><img decoding=\"async\" src=\"https:\/\/e-locks.eu\/wp-content\/uploads\/2026\/01\/2green-sign.png\"><\/td>\n<td><img decoding=\"async\" src=\"https:\/\/e-locks.eu\/wp-content\/uploads\/2026\/01\/2green-sign.png\"><\/td>\n<td><img decoding=\"async\" src=\"https:\/\/e-locks.eu\/wp-content\/uploads\/2026\/01\/3green-sign.png\"><\/td>\n<td><img decoding=\"async\" src=\"https:\/\/e-locks.eu\/wp-content\/uploads\/2026\/01\/4green-sign.png\"><\/td>\n<\/tr>\n<tr>\n<td><strong>Saugumo lygis<\/strong><\/td>\n<td><img decoding=\"async\" src=\"https:\/\/e-locks.eu\/wp-content\/uploads\/2026\/01\/red-dot.png\"><\/td>\n<td><img decoding=\"async\" src=\"https:\/\/e-locks.eu\/wp-content\/uploads\/2026\/01\/2red-dot.png\"><\/td>\n<td><img decoding=\"async\" src=\"https:\/\/e-locks.eu\/wp-content\/uploads\/2026\/01\/3red-dot.png\"><\/td>\n<td><img decoding=\"async\" src=\"https:\/\/e-locks.eu\/wp-content\/uploads\/2026\/01\/4red-dot.png\"><\/td>\n<td><img decoding=\"async\" src=\"https:\/\/e-locks.eu\/wp-content\/uploads\/2026\/01\/5red-dot.png\"><\/td>\n<\/tr>\n<tr>\n<td><strong>Apytiksl\u0117 ma\u017emenin\u0117 kaina (32+32 mm, cilindras raktas\/raktas, 3 raktai)<\/strong><\/td>\n        \n<td><strong><span class=\"woocommerce-Price-amount amount\"><bdi>56,87&nbsp;<span class=\"woocommerce-Price-currencySymbol\">&euro;<\/span><\/bdi><\/span><\/strong><\/td>\n<td><strong><span class=\"woocommerce-Price-amount amount\"><bdi>73,81&nbsp;<span class=\"woocommerce-Price-currencySymbol\">&euro;<\/span><\/bdi><\/span><\/strong><\/td>\n<td><strong><span class=\"woocommerce-Price-amount amount\"><bdi>87,12&nbsp;<span class=\"woocommerce-Price-currencySymbol\">&euro;<\/span><\/bdi><\/span><\/strong><\/td>\n<td><strong><span class=\"woocommerce-Price-amount amount\"><bdi>98,01&nbsp;<span class=\"woocommerce-Price-currencySymbol\">&euro;<\/span><\/bdi><\/span><\/strong><\/td>\n<td><strong><span class=\"woocommerce-Price-amount amount\"><bdi>156,09&nbsp;<span class=\"woocommerce-Price-currencySymbol\">&euro;<\/span><\/bdi><\/span><\/strong><\/td>\n<\/tr>\n<\/table>\n<\/p>\n","protected":false},"excerpt":{"rendered":"<p><strong>M&amp;C CONDOR<\/strong> \u2014 europrofile (DIN) cylinder with reversible key, designed for security doors and master-key systems.<\/p>\n<ul>\n<li><strong>Maximum burglary resistance:<\/strong> highest security class according to SKG*** and EN-1303 standards, protection against bumping, drilling, plug breakage, and unauthorized key duplication.<\/li>\n<li><strong>Certifications:<\/strong> EN-1303, DIN-18252, SKG***.<\/li>\n<li><strong>Mechanism:<\/strong> 5 spring-loaded pins + 5 sliders <span class=\"sd-tooltip\">(3)<span class=\"sd-tooltip-image\"><img decoding=\"async\" src=\"https:\/\/e-locks.eu\/wp-content\/uploads\/2026\/01\/condor.png\" alt=\"CONDOR schema\"><\/span><\/span>, reinforced steel core <span class=\"sd-tooltip\">(1)<span class=\"sd-tooltip-image\"><img decoding=\"async\" src=\"https:\/\/e-locks.eu\/wp-content\/uploads\/2026\/01\/condor.png\" alt=\"CONDOR schema\"><\/span><\/span>, steel components in the plug and cylinder body <span class=\"sd-tooltip\">(4, 5)<span class=\"sd-tooltip-image\"><img decoding=\"async\" src=\"https:\/\/e-locks.eu\/wp-content\/uploads\/2026\/01\/condor.png\" alt=\"CONDOR schema\"><\/span><\/span> for drilling and pull-out protection. Spring-loaded side pins <span class=\"sd-tooltip\">(6)<span class=\"sd-tooltip-image\"><img decoding=\"async\" src=\"https:\/\/e-locks.eu\/wp-content\/uploads\/2026\/01\/condor.png\" alt=\"CONDOR schema\"><\/span><\/span> for additional security.<\/li>\n<li><strong>Keys:<\/strong> reversible, patented, difficult to copy illegally, made of nickel-silver (melchior) for long-lasting use.<\/li>\n<li><strong>Do you need keys with even better copy protection?<\/strong> Take a look at <a href=\"https:\/\/shop.e-locks.eu\/lt\/product\/cilindrai-mc-minos\/\">M&amp;C MOVE<\/a> model.<\/li>\n<li><strong>Options: <\/strong> over 60 cylinder sizes, key\u2013key or key\u2013turn knob, comes with 3 or 5 keys. Optional gear for MUL-T-LOCK and compatible locks.<\/li>\n<li>More details on <a href=\"https:\/\/e-locks.eu\/en\/condor-skg3-cylinders-2\/\" target=\"_blank\" rel=\"noopener\">our web-site<\/a>.<\/li>\n<li><strong>Individual configuration:<\/strong> <a href=\"mailto:info@e-locks.eu\" target=\"_blank\" rel=\"noopener\">contact us<\/a> for cylinders with non-standard number of keys, in master-key system or keyed-alike cylinders.<\/li>\n<\/ul>\n","protected":false},"featured_media":7137,"comment_status":"open","ping_status":"closed","template":"","meta":{"_acf_changed":false,"om_disable_all_campaigns":false,"inline_featured_image":false,"_monsterinsights_skip_tracking":false,"_monsterinsights_sitenote_active":false,"_monsterinsights_sitenote_note":"","_monsterinsights_sitenote_category":0,"site-sidebar-layout":"default","site-content-layout":"","ast-site-content-layout":"default","site-content-style":"default","site-sidebar-style":"default","ast-global-header-display":"","ast-banner-title-visibility":"","ast-main-header-display":"","ast-hfb-above-header-display":"","ast-hfb-below-header-display":"","ast-hfb-mobile-header-display":"","site-post-title":"","ast-breadcrumbs-content":"","ast-featured-img":"","footer-sml-layout":"","ast-disable-related-posts":"","theme-transparent-header-meta":"default","adv-header-id-meta":"","stick-header-meta":"","header-above-stick-meta":"","header-main-stick-meta":"","header-below-stick-meta":"","astra-migrate-meta-layouts":"set","ast-page-background-enabled":"default","ast-page-background-meta":{"desktop":{"background-color":"var(--ast-global-color-4)","background-image":"","background-repeat":"repeat","background-position":"center center","background-size":"auto","background-attachment":"scroll","background-type":"","background-media":"","overlay-type":"","overlay-color":"","overlay-opacity":"","overlay-gradient":""},"tablet":{"background-color":"","background-image":"","background-repeat":"repeat","background-position":"center center","background-size":"auto","background-attachment":"scroll","background-type":"","background-media":"","overlay-type":"","overlay-color":"","overlay-opacity":"","overlay-gradient":""},"mobile":{"background-color":"","background-image":"","background-repeat":"repeat","background-position":"center center","background-size":"auto","background-attachment":"scroll","background-type":"","background-media":"","overlay-type":"","overlay-color":"","overlay-opacity":"","overlay-gradient":""}},"ast-content-background-meta":{"desktop":{"background-color":"var(--ast-global-color-5)","background-image":"","background-repeat":"repeat","background-position":"center center","background-size":"auto","background-attachment":"scroll","background-type":"","background-media":"","overlay-type":"","overlay-color":"","overlay-opacity":"","overlay-gradient":""},"tablet":{"background-color":"var(--ast-global-color-5)","background-image":"","background-repeat":"repeat","background-position":"center center","background-size":"auto","background-attachment":"scroll","background-type":"","background-media":"","overlay-type":"","overlay-color":"","overlay-opacity":"","overlay-gradient":""},"mobile":{"background-color":"var(--ast-global-color-5)","background-image":"","background-repeat":"repeat","background-position":"center center","background-size":"auto","background-attachment":"scroll","background-type":"","background-media":"","overlay-type":"","overlay-color":"","overlay-opacity":"","overlay-gradient":""}}},"product_brand":[153],"product_cat":[83],"product_tag":[],"class_list":{"0":"post-5365","1":"product","2":"type-product","3":"status-publish","4":"has-post-thumbnail","6":"product_brand-mc","7":"product_cat-mc-cilindrai","8":"desktop-align-left","9":"tablet-align-left","10":"mobile-align-left","12":"first","13":"instock","14":"taxable","15":"shipping-taxable","16":"purchasable","17":"product-type-variable","18":"has-default-attributes"},"acf":[],"_links":{"self":[{"href":"https:\/\/shop.e-locks.eu\/en\/wp-json\/wp\/v2\/product\/5365","targetHints":{"allow":["GET"]}}],"collection":[{"href":"https:\/\/shop.e-locks.eu\/en\/wp-json\/wp\/v2\/product"}],"about":[{"href":"https:\/\/shop.e-locks.eu\/en\/wp-json\/wp\/v2\/types\/product"}],"replies":[{"embeddable":true,"href":"https:\/\/shop.e-locks.eu\/en\/wp-json\/wp\/v2\/comments?post=5365"}],"wp:featuredmedia":[{"embeddable":true,"href":"https:\/\/shop.e-locks.eu\/en\/wp-json\/wp\/v2\/media\/7137"}],"wp:attachment":[{"href":"https:\/\/shop.e-locks.eu\/en\/wp-json\/wp\/v2\/media?parent=5365"}],"wp:term":[{"taxonomy":"product_brand","embeddable":true,"href":"https:\/\/shop.e-locks.eu\/en\/wp-json\/wp\/v2\/product_brand?post=5365"},{"taxonomy":"product_cat","embeddable":true,"href":"https:\/\/shop.e-locks.eu\/en\/wp-json\/wp\/v2\/product_cat?post=5365"},{"taxonomy":"product_tag","embeddable":true,"href":"https:\/\/shop.e-locks.eu\/en\/wp-json\/wp\/v2\/product_tag?post=5365"}],"curies":[{"name":"wp","href":"https:\/\/api.w.org\/{rel}","templated":true}]}}